{"id":797,"date":"2019-05-03T18:13:12","date_gmt":"2019-05-03T15:13:12","guid":{"rendered":"http:\/\/platformsan.parlakfikirleratolyesi.com\/?page_id=797"},"modified":"2026-03-10T21:25:32","modified_gmt":"2026-03-10T18:25:32","slug":"lnx","status":"publish","type":"page","link":"https:\/\/platformsan.com.tr\/tr\/tirmanma-motorlari\/lnx\/","title":{"rendered":"LNX"},"content":{"rendered":"<p>[vc_row][vc_column][vc_empty_space height=&#8221;50px&#8221;][\/vc_column][\/vc_row][vc_row][vc_column width=&#8221;1\/4&#8243;][vc_wp_custommenu nav_menu=&#8221;6&#8243;][\/vc_column][vc_column width=&#8221;3\/4&#8243;][vc_row_inner][vc_column_inner width=&#8221;1\/3&#8243;][vc_single_image image=&#8221;798&#8243; img_size=&#8221;full&#8221; style=&#8221;vc_box_outline&#8221; border_color=&#8221;black&#8221;][\/vc_column_inner][vc_column_inner width=&#8221;2\/3&#8243;][vc_column_text]- Elektrikli T\u0131rmanma Motorlar\u0131nda gelinen son nokta.<\/p>\n<p>&#8211; Hafif ve A\u011f\u0131r sanayi ihtiya\u00e7lar\u0131n\u0131 kar\u015f\u0131lamak i\u00e7in tasarland\u0131.<\/p>\n<p><strong>B\u00fct\u00fcn kontroller \u00fczerinde.<\/strong><\/p>\n<p><strong>LNX sayesinde..<\/strong><\/p>\n<p>&#8211; Y\u00fckseklik Kontrol Mekanizmas\u0131<\/p>\n<p>&#8211; Kontrols\u00fcz H\u0131zlanma \u00d6nleyici Mekanizma<\/p>\n<p>&#8211; A\u015f\u0131r\u0131 Y\u00fckleme Kontrol\u00fc<\/p>\n<p><strong>Tek bir cihazda topland\u0131.<\/strong>[\/vc_column_text][\/vc_column_inner][\/vc_row_inner][vc_empty_space height=&#8221;50px&#8221;][vc_row_inner][vc_column_inner width=&#8221;1\/3&#8243;][\/vc_column_inner][vc_column_inner width=&#8221;1\/3&#8243;][vc_column_text el_class=&#8221;alpha500&#8243;]<b>LNX<\/b><\/p>\n<p><label>Kald\u0131rma Kapasitesi: 650 kg<\/label><br \/>\n<label>\u00c7al\u0131\u015fma H\u0131z\u0131 (dk): 8.5 m<\/label><br \/>\n<label>S\u0131n\u0131f: Skylock III<\/label><br \/>\n<label>A\u011f\u0131rl\u0131k: 49 kg<\/label>[\/vc_column_text][\/vc_column_inner][vc_column_inner width=&#8221;1\/3&#8243;][\/vc_column_inner][\/vc_row_inner][\/vc_column][\/vc_row][vc_row][vc_column][vc_empty_space height=&#8221;50px&#8221;][\/vc_column][\/vc_row]<\/p>\n","protected":false},"excerpt":{"rendered":"<p>[vc_row][vc_column][vc_empty_space height=&#8221;50px&#8221;][\/vc_column][\/vc_row][vc_row][vc_column width=&#8221;1\/4&#8243;][vc_wp_custommenu nav_menu=&#8221;6&#8243;][\/vc_column][vc_column width=&#8221;3\/4&#8243;][vc_row_inner][vc_column_inner width=&#8221;1\/3&#8243;][vc_single_image image=&#8221;798&#8243; img_size=&#8221;full&#8221; style=&#8221;vc_box_outline&#8221; border_color=&#8221;black&#8221;][\/vc_column_inner][vc_column_inner width=&#8221;2\/3&#8243;][vc_column_text]- Elektrikli T\u0131rmanma Motorlar\u0131nda gelinen son nokta. &#8211; Hafif ve A\u011f\u0131r sanayi ihtiya\u00e7lar\u0131n\u0131 kar\u015f\u0131lamak i\u00e7in&#8230;<\/p>\n","protected":false},"author":2,"featured_media":0,"parent":725,"menu_order":0,"comment_status":"closed","ping_status":"closed","template":"asma-iskele-menulu.php","meta":{"footnotes":""},"class_list":["post-797","page","type-page","status-publish","hentry"],"_links":{"self":[{"href":"https:\/\/platformsan.com.tr\/tr\/wp-json\/wp\/v2\/pages\/797","targetHints":{"allow":["GET"]}}],"collection":[{"href":"https:\/\/platformsan.com.tr\/tr\/wp-json\/wp\/v2\/pages"}],"about":[{"href":"https:\/\/platformsan.com.tr\/tr\/wp-json\/wp\/v2\/types\/page"}],"author":[{"embeddable":true,"href":"https:\/\/platformsan.com.tr\/tr\/wp-json\/wp\/v2\/users\/2"}],"replies":[{"embeddable":true,"href":"https:\/\/platformsan.com.tr\/tr\/wp-json\/wp\/v2\/comments?post=797"}],"version-history":[{"count":1,"href":"https:\/\/platformsan.com.tr\/tr\/wp-json\/wp\/v2\/pages\/797\/revisions"}],"predecessor-version":[{"id":2270,"href":"https:\/\/platformsan.com.tr\/tr\/wp-json\/wp\/v2\/pages\/797\/revisions\/2270"}],"up":[{"embeddable":true,"href":"https:\/\/platformsan.com.tr\/tr\/wp-json\/wp\/v2\/pages\/725"}],"wp:attachment":[{"href":"https:\/\/platformsan.com.tr\/tr\/wp-json\/wp\/v2\/media?parent=797"}],"curies":[{"name":"wp","href":"https:\/\/api.w.org\/{rel}","templated":true}]}}