{"id":787,"date":"2019-05-03T17:54:20","date_gmt":"2019-05-03T14:54:20","guid":{"rendered":"http:\/\/platformsan.parlakfikirleratolyesi.com\/?page_id=787"},"modified":"2026-03-10T21:25:27","modified_gmt":"2026-03-10T18:25:27","slug":"kompakt","status":"publish","type":"page","link":"https:\/\/platformsan.com.tr\/tr\/tirmanma-motorlari\/kompakt\/","title":{"rendered":"Kompakt"},"content":{"rendered":"<p>[vc_row][vc_column][vc_empty_space height=&#8221;50px&#8221;][\/vc_column][\/vc_row][vc_row][vc_column width=&#8221;1\/4&#8243;][vc_wp_custommenu nav_menu=&#8221;6&#8243;][\/vc_column][vc_column width=&#8221;3\/4&#8243;][vc_row_inner][vc_column_inner width=&#8221;1\/3&#8243;][vc_single_image image=&#8221;788&#8243; img_size=&#8221;full&#8221; style=&#8221;vc_box_outline&#8221; border_color=&#8221;black&#8221;][\/vc_column_inner][vc_column_inner width=&#8221;2\/3&#8243;][vc_column_text]Kompakt T\u0131rmanma Motoru Serisi, SkyClimber taraf\u0131ndan sekt\u00f6r ihtiya\u00e7lar\u0131n\u0131 kar\u015f\u0131lamak i\u00e7in tasarlanm\u0131\u015ft\u0131r. Kompakt, Alpha serisiyle ayn\u0131 vites kutusu ve sa\u011flaml\u0131\u011fa sahip bir seridir.<\/p>\n<p>Hafif Sanayi uygulamalar\u0131nda bir \u00e7ok m\u00fc\u015fterimiz, d\u00fc\u015f\u00fck a\u011f\u0131rl\u0131k ve d\u00fc\u015f\u00fck maliyetli kompakt serisini tercih etmektedir.<\/p>\n<p>&#8211; G\u00fcvenlik, h\u0131z ve g\u00fc\u00e7 i\u00e7in tasarland\u0131.<\/p>\n<p>&#8211; Kullan\u0131c\u0131lardan gelen talepler do\u011frultusunda tasarland\u0131.<\/p>\n<p>&#8211; Bir adet Bosun sandalyesi<\/p>\n<p>&#8211; Tek ki\u015filik \u00c7al\u0131\u015fma Sepeti<\/p>\n<p>&#8211; 2m&#8217;den 10m&#8217;ye bir asma iskele ile birlikte.[\/vc_column_text][\/vc_column_inner][\/vc_row_inner][vc_empty_space height=&#8221;50px&#8221;][vc_row_inner][vc_column_inner width=&#8221;1\/3&#8243;][\/vc_column_inner][vc_column_inner width=&#8221;1\/3&#8243;][vc_column_text el_class=&#8221;alpha500&#8243;]<b>Kompakt<\/b><\/p>\n<p><label>Kald\u0131rma Kapasitesi: 500 kg<\/label><br \/>\n<label>\u00c7al\u0131\u015fma H\u0131z\u0131 (dk): 8.5 m<\/label><br \/>\n<label>S\u0131n\u0131f: Skylock III<\/label><br \/>\n<label>A\u011f\u0131rl\u0131k: 41 kg<\/label>[\/vc_column_text][\/vc_column_inner][vc_column_inner width=&#8221;1\/3&#8243;][\/vc_column_inner][\/vc_row_inner][vc_empty_space height=&#8221;50px&#8221;][\/vc_column][\/vc_row][vc_row][vc_column][vc_empty_space height=&#8221;50px&#8221;][\/vc_column][\/vc_row]<\/p>\n","protected":false},"excerpt":{"rendered":"<p>[vc_row][vc_column][vc_empty_space height=&#8221;50px&#8221;][\/vc_column][\/vc_row][vc_row][vc_column width=&#8221;1\/4&#8243;][vc_wp_custommenu nav_menu=&#8221;6&#8243;][\/vc_column][vc_column width=&#8221;3\/4&#8243;][vc_row_inner][vc_column_inner width=&#8221;1\/3&#8243;][vc_single_image image=&#8221;788&#8243; img_size=&#8221;full&#8221; style=&#8221;vc_box_outline&#8221; border_color=&#8221;black&#8221;][\/vc_column_inner][vc_column_inner width=&#8221;2\/3&#8243;][vc_column_text]Kompakt T\u0131rmanma Motoru Serisi, SkyClimber taraf\u0131ndan sekt\u00f6r ihtiya\u00e7lar\u0131n\u0131 kar\u015f\u0131lamak i\u00e7in tasarlanm\u0131\u015ft\u0131r. Kompakt, Alpha serisiyle ayn\u0131&#8230;<\/p>\n","protected":false},"author":2,"featured_media":0,"parent":725,"menu_order":0,"comment_status":"closed","ping_status":"closed","template":"asma-iskele-menulu.php","meta":{"footnotes":""},"class_list":["post-787","page","type-page","status-publish","hentry"],"_links":{"self":[{"href":"https:\/\/platformsan.com.tr\/tr\/wp-json\/wp\/v2\/pages\/787","targetHints":{"allow":["GET"]}}],"collection":[{"href":"https:\/\/platformsan.com.tr\/tr\/wp-json\/wp\/v2\/pages"}],"about":[{"href":"https:\/\/platformsan.com.tr\/tr\/wp-json\/wp\/v2\/types\/page"}],"author":[{"embeddable":true,"href":"https:\/\/platformsan.com.tr\/tr\/wp-json\/wp\/v2\/users\/2"}],"replies":[{"embeddable":true,"href":"https:\/\/platformsan.com.tr\/tr\/wp-json\/wp\/v2\/comments?post=787"}],"version-history":[{"count":1,"href":"https:\/\/platformsan.com.tr\/tr\/wp-json\/wp\/v2\/pages\/787\/revisions"}],"predecessor-version":[{"id":2269,"href":"https:\/\/platformsan.com.tr\/tr\/wp-json\/wp\/v2\/pages\/787\/revisions\/2269"}],"up":[{"embeddable":true,"href":"https:\/\/platformsan.com.tr\/tr\/wp-json\/wp\/v2\/pages\/725"}],"wp:attachment":[{"href":"https:\/\/platformsan.com.tr\/tr\/wp-json\/wp\/v2\/media?parent=787"}],"curies":[{"name":"wp","href":"https:\/\/api.w.org\/{rel}","templated":true}]}}