{"id":772,"date":"2019-05-03T17:26:33","date_gmt":"2019-05-03T14:26:33","guid":{"rendered":"http:\/\/platformsan.parlakfikirleratolyesi.com\/?page_id=772"},"modified":"2026-03-10T21:25:15","modified_gmt":"2026-03-10T18:25:15","slug":"alpha","status":"publish","type":"page","link":"https:\/\/platformsan.com.tr\/tr\/tirmanma-motorlari\/alpha\/","title":{"rendered":"ALPHA"},"content":{"rendered":"<p>[vc_row][vc_column][vc_empty_space height=&#8221;50px&#8221;][\/vc_column][\/vc_row][vc_row][vc_column width=&#8221;1\/4&#8243;][vc_wp_custommenu nav_menu=&#8221;6&#8243;][\/vc_column][vc_column width=&#8221;3\/4&#8243;][vc_row_inner][vc_column_inner width=&#8221;1\/3&#8243;][vc_single_image image=&#8221;773&#8243; img_size=&#8221;full&#8221; style=&#8221;vc_box_outline&#8221; border_color=&#8221;black&#8221;][\/vc_column_inner][vc_column_inner width=&#8221;2\/3&#8243;][vc_column_text]Alpha serisi, piyasan\u0131n lider t\u0131rmanma motoru olarak kabul edilir.<\/p>\n<p>Alpha serisi, \u00e7elik halat\u0131n \u00fczerindeki bas\u0131nc\u0131 minimize ederek \u00f6mr\u00fcn\u00fc uzat\u0131r ve kald\u0131rma mekanizmas\u0131 sabitleme \u00e7eki\u015fine ula\u015fmak i\u00e7in halat\u0131 s\u0131kan benzersiz bir \u00e7eki\u015f mekanizmas\u0131na sahiptir. Bu y\u00fcksek verimlilik, e\u015fsiz vites kutusu ile birle\u015fti\u011finde; kullan\u0131c\u0131lar\u0131n ihtiya\u00e7lar\u0131n\u0131n kar\u015f\u0131lanmas\u0131nda ger\u00e7ek bir ba\u015far\u0131 \u00f6yk\u00fcs\u00fc olmu\u015ftur.<\/p>\n<p>Bu seri, farkl\u0131 end\u00fcstriyel alanlar\u0131n ihtiya\u00e7lar\u0131na uygun bir\u00e7ok farkl\u0131 stilde sunulmaktad\u0131r.<\/p>\n<p>&#8211; G\u00fcvenlik, h\u0131z ve g\u00fc\u00e7 i\u00e7in tasarland\u0131.<\/p>\n<p>&#8211; A\u011f\u0131r sahada kullan\u0131lmak i\u00e7in tasarlanm\u0131\u015ft\u0131r.<\/p>\n<p>&#8211; Tek Ki\u015filik \u00c7al\u0131\u015fma Kafesi<\/p>\n<p>&#8211; 2m&#8217;den 16m&#8217;ye bir asma iskele ile birlikte[\/vc_column_text][\/vc_column_inner][\/vc_row_inner][vc_empty_space height=&#8221;50px&#8221;][vc_row_inner][vc_column_inner width=&#8221;1\/3&#8243;][vc_column_text el_class=&#8221;alpha500&#8243;]<b>Alpha 500<\/b><\/p>\n<p><label>Kald\u0131rma Kapasitesi: 500 kg<\/label><br \/>\n<label>\u00c7al\u0131\u015fma H\u0131z\u0131 (dk): 8.5 m<\/label><br \/>\n<label>S\u0131n\u0131f: Skylock III<\/label><br \/>\n<label>A\u011f\u0131rl\u0131k: 62 kg<\/label>[\/vc_column_text][\/vc_column_inner][vc_column_inner width=&#8221;1\/3&#8243;][vc_column_text el_class=&#8221;alpha500&#8243;]<b>Alpha 800<\/b><\/p>\n<p><label>Kald\u0131rma Kapasitesi: 800 kg<\/label><br \/>\n<label>\u00c7al\u0131\u015fma H\u0131z\u0131 (dk): 8.5 m<\/label><br \/>\n<label>S\u0131n\u0131f: Skylock II<\/label><br \/>\n<label>A\u011f\u0131rl\u0131k: 66 kg<\/label>[\/vc_column_text][\/vc_column_inner][vc_column_inner width=&#8221;1\/3&#8243;][vc_column_text el_class=&#8221;alpha500&#8243;]<b>Alpha 1000<\/b><\/p>\n<p><label>Kald\u0131rma Kapasitesi: 1000 kg<\/label><br \/>\n<label>\u00c7al\u0131\u015fma H\u0131z\u0131 (dk): 8.5 m<\/label><br \/>\n<label>S\u0131n\u0131f: Skylock III<\/label><br \/>\n<label>A\u011f\u0131rl\u0131k: 70 kg<\/label>[\/vc_column_text][\/vc_column_inner][\/vc_row_inner][\/vc_column][\/vc_row][vc_row][vc_column][vc_empty_space height=&#8221;50px&#8221;][\/vc_column][\/vc_row]<\/p>\n","protected":false},"excerpt":{"rendered":"<p>[vc_row][vc_column][vc_empty_space height=&#8221;50px&#8221;][\/vc_column][\/vc_row][vc_row][vc_column width=&#8221;1\/4&#8243;][vc_wp_custommenu nav_menu=&#8221;6&#8243;][\/vc_column][vc_column width=&#8221;3\/4&#8243;][vc_row_inner][vc_column_inner width=&#8221;1\/3&#8243;][vc_single_image image=&#8221;773&#8243; img_size=&#8221;full&#8221; style=&#8221;vc_box_outline&#8221; border_color=&#8221;black&#8221;][\/vc_column_inner][vc_column_inner width=&#8221;2\/3&#8243;][vc_column_text]Alpha serisi, piyasan\u0131n lider t\u0131rmanma motoru olarak kabul edilir. Alpha serisi, \u00e7elik halat\u0131n \u00fczerindeki bas\u0131nc\u0131&#8230;<\/p>\n","protected":false},"author":2,"featured_media":0,"parent":725,"menu_order":0,"comment_status":"closed","ping_status":"closed","template":"asma-iskele-menulu.php","meta":{"footnotes":""},"class_list":["post-772","page","type-page","status-publish","hentry"],"_links":{"self":[{"href":"https:\/\/platformsan.com.tr\/tr\/wp-json\/wp\/v2\/pages\/772","targetHints":{"allow":["GET"]}}],"collection":[{"href":"https:\/\/platformsan.com.tr\/tr\/wp-json\/wp\/v2\/pages"}],"about":[{"href":"https:\/\/platformsan.com.tr\/tr\/wp-json\/wp\/v2\/types\/page"}],"author":[{"embeddable":true,"href":"https:\/\/platformsan.com.tr\/tr\/wp-json\/wp\/v2\/users\/2"}],"replies":[{"embeddable":true,"href":"https:\/\/platformsan.com.tr\/tr\/wp-json\/wp\/v2\/comments?post=772"}],"version-history":[{"count":1,"href":"https:\/\/platformsan.com.tr\/tr\/wp-json\/wp\/v2\/pages\/772\/revisions"}],"predecessor-version":[{"id":2266,"href":"https:\/\/platformsan.com.tr\/tr\/wp-json\/wp\/v2\/pages\/772\/revisions\/2266"}],"up":[{"embeddable":true,"href":"https:\/\/platformsan.com.tr\/tr\/wp-json\/wp\/v2\/pages\/725"}],"wp:attachment":[{"href":"https:\/\/platformsan.com.tr\/tr\/wp-json\/wp\/v2\/media?parent=772"}],"curies":[{"name":"wp","href":"https:\/\/api.w.org\/{rel}","templated":true}]}}