{"id":526,"date":"2019-04-14T14:10:01","date_gmt":"2019-04-14T11:10:01","guid":{"rendered":"http:\/\/platformsan.parlakfikirleratolyesi.com\/?page_id=526"},"modified":"2019-04-14T14:10:01","modified_gmt":"2019-04-14T11:10:01","slug":"scsg","status":"publish","type":"page","link":"https:\/\/platformsan.com.tr\/tr\/bmu-monoray-3\/scsg\/","title":{"rendered":"SCSG"},"content":{"rendered":"<p>[vc_row][vc_column][vc_empty_space][\/vc_column][\/vc_row][vc_row][vc_column][vc_empty_space][\/vc_column][\/vc_row][vc_row][vc_column width=&#8221;1\/2&#8243;][vc_single_image image=&#8221;528&#8243; img_size=&#8221;full&#8221; alignment=&#8221;center&#8221;][\/vc_column][vc_column width=&#8221;1\/4&#8243;][vc_column_text]<\/p>\n<table>\n<tbody>\n<tr>\n<th colspan=\"2\">\u00d6ZELL\u0130KLER<\/th>\n<\/tr>\n<tr>\n<td style=\"width: 65%;\">Model<\/td>\n<td>SCSG<\/td>\n<\/tr>\n<tr>\n<td>Vin\u00e7 Kolu Tipi<\/td>\n<td>Tek Kol<\/td>\n<\/tr>\n<tr>\n<td>\u0130\u015fleme<\/td>\n<td>HDG<\/td>\n<\/tr>\n<tr>\n<td>Boyama<\/td>\n<td>RAL<\/td>\n<\/tr>\n<tr>\n<td>Vin\u00e7 Kolu Uzunlu\u011fu<\/td>\n<td>115 m<\/td>\n<\/tr>\n<tr>\n<td>Uzanma Y\u00fcksekli\u011fi<\/td>\n<td>14 m<\/td>\n<\/tr>\n<tr>\n<td>Hareket H\u0131z\u0131<\/td>\n<td>9 m \/ dk<\/td>\n<\/tr>\n<tr>\n<td>G\u00fcvenlik Durumu<\/td>\n<td>Dahil<\/td>\n<\/tr>\n<tr>\n<td>Kurtarma Sistemi<\/td>\n<td>Dahil<\/td>\n<\/tr>\n<tr>\n<td>T\u00fcm Hareketler i\u00e7in G\u00fcvenlik<\/td>\n<td>Dahil<\/td>\n<\/tr>\n<tr>\n<td>Emniyet Sistemi<\/td>\n<td>40 m &gt;<\/td>\n<\/tr>\n<\/tbody>\n<\/table>\n<p>[\/vc_column_text][\/vc_column][vc_column width=&#8221;1\/4&#8243;][vc_column_text]<\/p>\n<table style=\"width: 200px;\">\n<tbody>\n<tr>\n<th colspan=\"2\">SE\u00c7ENEKLER<\/th>\n<\/tr>\n<tr>\n<td>Kablo Makaras\u0131<\/td>\n<td style=\"padding: 0; text-align: center;\">\u2716<\/td>\n<\/tr>\n<tr>\n<td>Su Tank\u0131<\/td>\n<td style=\"padding: 0; text-align: center;\">\u2714<\/td>\n<\/tr>\n<tr>\n<td>Telefon<\/td>\n<td style=\"padding: 0; text-align: center;\">\u2713<\/td>\n<\/tr>\n<tr>\n<td>Teleskopik Direk<\/td>\n<td style=\"padding: 0; text-align: center;\">\u2717<\/td>\n<\/tr>\n<tr>\n<td>Vin\u00e7 Kolu Di\u015flisi<\/td>\n<td style=\"padding: 0; text-align: center;\">\u2713<\/td>\n<\/tr>\n<tr>\n<td>Vin\u00e7 Kolu Ba\u015fl\u0131\u011f\u0131<\/td>\n<td style=\"padding: 0; text-align: center;\">\u2713<\/td>\n<\/tr>\n<tr>\n<td>Al\u00fcminyum \u0130\u015fleme<\/td>\n<td style=\"padding: 0; text-align: center;\">\u2713<\/td>\n<\/tr>\n<tr>\n<td>R\u00fczg\u00e2r \u00d6l\u00e7er<\/td>\n<td style=\"padding: 0; text-align: center;\">\u2713<\/td>\n<\/tr>\n<tr>\n<td>Emniyet \u00c7izgisi<\/td>\n<td style=\"padding: 0; text-align: center;\">\u2713<\/td>\n<\/tr>\n<\/tbody>\n<\/table>\n<p>[\/vc_column_text][\/vc_column][\/vc_row][vc_row][vc_column][vc_empty_space][\/vc_column][\/vc_row]<\/p>\n","protected":false},"excerpt":{"rendered":"<p>[vc_row][vc_column][vc_empty_space][\/vc_column][\/vc_row][vc_row][vc_column][vc_empty_space][\/vc_column][\/vc_row][vc_row][vc_column width=&#8221;1\/2&#8243;][vc_single_image image=&#8221;528&#8243; img_size=&#8221;full&#8221; alignment=&#8221;center&#8221;][\/vc_column][vc_column width=&#8221;1\/4&#8243;][vc_column_text] \u00d6ZELL\u0130KLER Model SCSG Vin\u00e7 Kolu Tipi Tek Kol \u0130\u015fleme HDG Boyama RAL Vin\u00e7 Kolu Uzunlu\u011fu 115 m Uzanma Y\u00fcksekli\u011fi&#8230;<\/p>\n","protected":false},"author":2,"featured_media":0,"parent":492,"menu_order":0,"comment_status":"closed","ping_status":"closed","template":"","meta":{"footnotes":""},"class_list":["post-526","page","type-page","status-publish","hentry"],"_links":{"self":[{"href":"https:\/\/platformsan.com.tr\/tr\/wp-json\/wp\/v2\/pages\/526","targetHints":{"allow":["GET"]}}],"collection":[{"href":"https:\/\/platformsan.com.tr\/tr\/wp-json\/wp\/v2\/pages"}],"about":[{"href":"https:\/\/platformsan.com.tr\/tr\/wp-json\/wp\/v2\/types\/page"}],"author":[{"embeddable":true,"href":"https:\/\/platformsan.com.tr\/tr\/wp-json\/wp\/v2\/users\/2"}],"replies":[{"embeddable":true,"href":"https:\/\/platformsan.com.tr\/tr\/wp-json\/wp\/v2\/comments?post=526"}],"version-history":[{"count":0,"href":"https:\/\/platformsan.com.tr\/tr\/wp-json\/wp\/v2\/pages\/526\/revisions"}],"up":[{"embeddable":true,"href":"https:\/\/platformsan.com.tr\/tr\/wp-json\/wp\/v2\/pages\/492"}],"wp:attachment":[{"href":"https:\/\/platformsan.com.tr\/tr\/wp-json\/wp\/v2\/media?parent=526"}],"curies":[{"name":"wp","href":"https:\/\/api.w.org\/{rel}","templated":true}]}}