{"id":870,"date":"2019-05-08T17:21:44","date_gmt":"2019-05-08T14:21:44","guid":{"rendered":"http:\/\/platformsan.parlakfikirleratolyesi.com\/?page_id=870"},"modified":"2026-03-14T14:59:24","modified_gmt":"2026-03-14T11:59:24","slug":"referanslar","status":"publish","type":"page","link":"https:\/\/platformsan.com.tr\/en\/referanslar\/","title":{"rendered":"REFERENCES"},"content":{"rendered":"<div style=\"font-family: 'Segoe UI', Roboto, Helvetica, Arial, sans-serif; color: #333; max-width: 1200px; margin: 0 auto; background-color: #fff; padding-bottom: 80px;\">\n<div style=\"padding: 60px 20px; text-align: center; background-color: #1a1a1a; border-bottom: 6px solid #dd3333; margin-bottom: 50px; border-radius: 0 0 30px 30px;\">\n<h1 style=\"font-size: 36px; color: #fff; font-weight: 800; text-transform: uppercase; margin: 0 0 10px 0; letter-spacing: -1px;\">REFERANSLARIMIZ<\/h1>\n<p style=\"font-size: 18px; color: #aaa; font-weight: 400; margin: 0;\">Platformsan M\u00fchendisli\u011fi ile G\u00fcvenle Y\u00fckselen Projeler<\/p>\n<div style=\"width: 60px; height: 3px; background-color: #dd3333; margin: 25px auto;\"><\/div>\n<p style=\"max-width: 850px; margin: 0 auto; font-size: 16px; line-height: 1.7; color: #eee; opacity: 0.9;\">T\u00fcrkiye&#8217;nin ve d\u00fcnyan\u0131n en prestijli kurumlar\u0131, asma iskele ve dikey eri\u015fim \u00e7\u00f6z\u00fcmlerinde Platformsan&#8217;\u0131n tecr\u00fcbesine g\u00fcveniyor.<\/p>\n<\/div>\n<div style=\"display: flex !important; flex-wrap: wrap !important; justify-content: center !important; gap: 15px !important; padding: 0 15px !important; width: 100% !important; box-sizing: border-box !important; text-align: center;\">\n<div style=\"flex: 0 0 15%; min-width: 140px; background: #fff; padding: 15px; border: 1px solid #eee; border-radius: 8px; display: flex; align-items: center; justify-content: center; height: 100px;\"><img decoding=\"async\" style=\"max-width: 100%; max-height: 80px; object-fit: contain;\" src=\"https:\/\/platformsan.com.tr\/wp-content\/uploads\/2019\/09\/0-1.png\" alt=\"Referans\" \/><\/div>\n<div style=\"flex: 0 0 15%; min-width: 140px; background: #fff; padding: 15px; border: 1px solid #eee; border-radius: 8px; display: flex; align-items: center; justify-content: center; height: 100px;\"><img decoding=\"async\" style=\"max-width: 100%; max-height: 80px; object-fit: contain;\" src=\"https:\/\/platformsan.com.tr\/wp-content\/uploads\/2019\/09\/0.png\" alt=\"Referans\" \/><\/div>\n<div style=\"flex: 0 0 15%; min-width: 140px; background: #fff; padding: 15px; border: 1px solid #eee; border-radius: 8px; display: flex; align-items: center; justify-content: center; height: 100px;\"><img decoding=\"async\" style=\"max-width: 100%; max-height: 80px; object-fit: contain;\" src=\"https:\/\/platformsan.com.tr\/wp-content\/uploads\/2019\/09\/7XzsEOiY_400x400.jpg\" alt=\"Referans\" \/><\/div>\n<div style=\"flex: 0 0 15%; min-width: 140px; background: #fff; padding: 15px; border: 1px solid #eee; border-radius: 8px; display: flex; align-items: center; justify-content: center; height: 100px;\"><img decoding=\"async\" style=\"max-width: 100%; max-height: 80px; object-fit: contain;\" src=\"https:\/\/platformsan.com.tr\/wp-content\/uploads\/2019\/09\/1.png\" alt=\"Referans\" \/><\/div>\n<div style=\"flex: 0 0 15%; min-width: 140px; background: #fff; padding: 15px; border: 1px solid #eee; border-radius: 8px; display: flex; align-items: center; justify-content: center; height: 100px;\"><img decoding=\"async\" style=\"max-width: 100%; max-height: 80px; object-fit: contain;\" src=\"https:\/\/platformsan.com.tr\/wp-content\/uploads\/2019\/09\/2.jpg\" alt=\"Referans\" \/><\/div>\n<div style=\"flex: 0 0 15%; min-width: 140px; background: #fff; padding: 15px; border: 1px solid #eee; border-radius: 8px; display: flex; align-items: center; justify-content: center; height: 100px;\"><img decoding=\"async\" style=\"max-width: 100%; max-height: 80px; object-fit: contain;\" src=\"https:\/\/platformsan.com.tr\/wp-content\/uploads\/2019\/09\/4Br9AOIX_400x400.jpg\" alt=\"Referans\" \/><\/div>\n<div style=\"flex: 0 0 15%; min-width: 140px; background: #fff; padding: 15px; border: 1px solid #eee; border-radius: 8px; display: flex; align-items: center; justify-content: center; height: 100px;\"><img decoding=\"async\" style=\"max-width: 100%; max-height: 80px; object-fit: contain;\" src=\"https:\/\/platformsan.com.tr\/wp-content\/uploads\/2019\/09\/1DFE-mrl_400x400.jpg\" alt=\"Referans\" \/><\/div>\n<div style=\"flex: 0 0 15%; min-width: 140px; background: #fff; padding: 15px; border: 1px solid #eee; border-radius: 8px; display: flex; align-items: center; justify-content: center; height: 100px;\"><img decoding=\"async\" style=\"max-width: 100%; max-height: 80px; object-fit: contain;\" src=\"https:\/\/platformsan.com.tr\/wp-content\/uploads\/2019\/09\/1quasarlogo.jpg\" alt=\"Referans\" \/><\/div>\n<div style=\"flex: 0 0 15%; min-width: 140px; background: #fff; padding: 15px; border: 1px solid #eee; border-radius: 8px; display: flex; align-items: center; justify-content: center; height: 100px;\"><img decoding=\"async\" style=\"max-width: 100%; max-height: 80px; object-fit: contain;\" src=\"https:\/\/platformsan.com.tr\/wp-content\/uploads\/2019\/09\/8.png\" alt=\"Referans\" \/><\/div>\n<div style=\"flex: 0 0 15%; min-width: 140px; background: #fff; padding: 15px; border: 1px solid #eee; border-radius: 8px; display: flex; align-items: center; justify-content: center; height: 100px;\"><img decoding=\"async\" style=\"max-width: 100%; max-height: 80px; object-fit: contain;\" src=\"https:\/\/platformsan.com.tr\/wp-content\/uploads\/2019\/09\/4383.jpg\" alt=\"Referans\" \/><\/div>\n<div style=\"flex: 0 0 15%; min-width: 140px; background: #fff; padding: 15px; border: 1px solid #eee; border-radius: 8px; display: flex; align-items: center; justify-content: center; height: 100px;\"><img decoding=\"async\" style=\"max-width: 100%; max-height: 80px; object-fit: contain;\" src=\"https:\/\/platformsan.com.tr\/wp-content\/uploads\/2019\/09\/5322d12ddd7abd9be317f2c4e675c28c.jpg\" alt=\"Referans\" \/><\/div>\n<div style=\"flex: 0 0 15%; min-width: 140px; background: #fff; padding: 15px; border: 1px solid #eee; border-radius: 8px; display: flex; align-items: center; justify-content: center; height: 100px;\"><img decoding=\"async\" style=\"max-width: 100%; max-height: 80px; object-fit: contain;\" src=\"https:\/\/platformsan.com.tr\/wp-content\/uploads\/2019\/09\/512x512bb.jpg\" alt=\"Referans\" \/><\/div>\n<div style=\"flex: 0 0 15%; min-width: 140px; background: #fff; padding: 15px; border: 1px solid #eee; border-radius: 8px; display: flex; align-items: center; justify-content: center; height: 100px;\"><img decoding=\"async\" style=\"max-width: 100%; max-height: 80px; object-fit: contain;\" src=\"https:\/\/platformsan.com.tr\/wp-content\/uploads\/2019\/09\/1280px-T\u00fcpra\u015f_logo.svg.png\" alt=\"T\u00fcpra\u015f\" \/><\/div>\n<div style=\"flex: 0 0 15%; min-width: 140px; background: #fff; padding: 15px; border: 1px solid #eee; border-radius: 8px; display: flex; align-items: center; justify-content: center; height: 100px;\"><img decoding=\"async\" style=\"max-width: 100%; max-height: 80px; object-fit: contain;\" src=\"https:\/\/platformsan.com.tr\/wp-content\/uploads\/2019\/09\/527bf044992df10cc0078cdd.jpg\" alt=\"Referans\" \/><\/div>\n<div style=\"flex: 0 0 15%; min-width: 140px; background: #fff; padding: 15px; border: 1px solid #eee; border-radius: 8px; display: flex; align-items: center; justify-content: center; height: 100px;\"><img decoding=\"async\" style=\"max-width: 100%; max-height: 80px; object-fit: contain;\" src=\"https:\/\/platformsan.com.tr\/wp-content\/uploads\/2019\/09\/1200px-Crowne_Plaza_logo.svg.png\" alt=\"Crowne Plaza\" \/><\/div>\n<div style=\"flex: 0 0 15%; min-width: 140px; background: #fff; padding: 15px; border: 1px solid #eee; border-radius: 8px; display: flex; align-items: center; justify-content: center; height: 100px;\"><img decoding=\"async\" style=\"max-width: 100%; max-height: 80px; object-fit: contain;\" src=\"https:\/\/platformsan.com.tr\/wp-content\/uploads\/2019\/09\/1200px-Swissotel_Hotels_and_Resorts_logo.svg.png\" alt=\"Swissotel\" \/><\/div>\n<div style=\"flex: 0 0 15%; min-width: 140px; background: #fff; padding: 15px; border: 1px solid #eee; border-radius: 8px; display: flex; align-items: center; justify-content: center; height: 100px;\"><img decoding=\"async\" style=\"max-width: 100%; max-height: 80px; object-fit: contain;\" src=\"https:\/\/platformsan.com.tr\/wp-content\/uploads\/2019\/09\/15574_206ed514df52c2507f70ecb5fb3c11c3.jpg\" alt=\"Referans\" \/><\/div>\n<div style=\"flex: 0 0 15%; min-width: 140px; background: #fff; padding: 15px; border: 1px solid #eee; border-radius: 8px; display: flex; align-items: center; justify-content: center; height: 100px;\"><img decoding=\"async\" style=\"max-width: 100%; max-height: 80px; object-fit: contain;\" src=\"https:\/\/platformsan.com.tr\/wp-content\/uploads\/2019\/09\/acar-verde.png\" alt=\"Acar Verde\" \/><\/div>\n<div style=\"flex: 0 0 15%; min-width: 140px; background: #fff; padding: 15px; border: 1px solid #eee; border-radius: 8px; display: flex; align-items: center; justify-content: center; height: 100px;\"><img decoding=\"async\" style=\"max-width: 100%; max-height: 80px; object-fit: contain;\" src=\"https:\/\/platformsan.com.tr\/wp-content\/uploads\/2019\/09\/acarbLU-logo-2.jpg\" alt=\"Acar Blue\" \/><\/div>\n<div style=\"flex: 0 0 15%; min-width: 140px; background: #fff; padding: 15px; border: 1px solid #eee; border-radius: 8px; display: flex; align-items: center; justify-content: center; height: 100px;\"><img decoding=\"async\" style=\"max-width: 100%; max-height: 80px; object-fit: contain;\" src=\"https:\/\/platformsan.com.tr\/wp-content\/uploads\/2019\/09\/17548_cc68caff67167cf7a54a1f128dfd24fa.jpg\" alt=\"Referans\" \/><\/div>\n<div style=\"flex: 0 0 15%; min-width: 140px; background: #fff; padding: 15px; border: 1px solid #eee; border-radius: 8px; display: flex; align-items: center; justify-content: center; height: 100px;\"><img decoding=\"async\" style=\"max-width: 100%; max-height: 80px; object-fit: contain;\" src=\"https:\/\/platformsan.com.tr\/wp-content\/uploads\/2019\/09\/akasya_acibadem_logo.png\" alt=\"Akasya Ac\u0131badem\" \/><\/div>\n<div style=\"flex: 0 0 15%; min-width: 140px; background: #fff; padding: 15px; border: 1px solid #eee; border-radius: 8px; display: flex; align-items: center; justify-content: center; height: 100px;\"><img decoding=\"async\" style=\"max-width: 100%; max-height: 80px; object-fit: contain;\" src=\"https:\/\/platformsan.com.tr\/wp-content\/uploads\/2019\/09\/agaoglu-my-newwork.png\" alt=\"A\u011fao\u011flu\" \/><\/div>\n<div style=\"flex: 0 0 15%; min-width: 140px; background: #fff; padding: 15px; border: 1px solid #eee; border-radius: 8px; display: flex; align-items: center; justify-content: center; height: 100px;\"><img decoding=\"async\" style=\"max-width: 100%; max-height: 80px; object-fit: contain;\" src=\"https:\/\/platformsan.com.tr\/wp-content\/uploads\/2019\/09\/atasehir-agiz-ve-dis-sagligi-hastanesi_153af.png\" alt=\"Ata\u015fehir Di\u015f\" \/><\/div>\n<div style=\"flex: 0 0 15%; min-width: 140px; background: #fff; padding: 15px; border: 1px solid #eee; border-radius: 8px; display: flex; align-items: center; justify-content: center; height: 100px;\"><img decoding=\"async\" style=\"max-width: 100%; max-height: 80px; object-fit: contain;\" src=\"https:\/\/platformsan.com.tr\/wp-content\/uploads\/2019\/09\/bizimevler7-logo.png\" alt=\"Bizim Evler\" \/><\/div>\n<div style=\"flex: 0 0 15%; min-width: 140px; background: #fff; padding: 15px; border: 1px solid #eee; border-radius: 8px; display: flex; align-items: center; justify-content: center; height: 100px;\"><img decoding=\"async\" style=\"max-width: 100%; max-height: 80px; object-fit: contain;\" src=\"https:\/\/platformsan.com.tr\/wp-content\/uploads\/2019\/09\/bagcilar-belediyesi_logo.png\" alt=\"Ba\u011fc\u0131lar Bel.\" \/><\/div>\n<div style=\"flex: 0 0 15%; min-width: 140px; background: #fff; padding: 15px; border: 1px solid #eee; border-radius: 8px; display: flex; align-items: center; justify-content: center; height: 100px;\"><img decoding=\"async\" style=\"max-width: 100%; max-height: 80px; object-fit: contain;\" src=\"https:\/\/platformsan.com.tr\/wp-content\/uploads\/2019\/09\/buyukyali-1.jpg\" alt=\"B\u00fcy\u00fckyal\u0131\" \/><\/div>\n<div style=\"flex: 0 0 15%; min-width: 140px; background: #fff; padding: 15px; border: 1px solid #eee; border-radius: 8px; display: flex; align-items: center; justify-content: center; height: 100px;\"><img decoding=\"async\" style=\"max-width: 100%; max-height: 80px; object-fit: contain;\" src=\"https:\/\/platformsan.com.tr\/wp-content\/uploads\/2019\/09\/city-logo-800-brooklyn-park.jpg\" alt=\"Brooklyn Park\" \/><\/div>\n<div style=\"flex: 0 0 15%; min-width: 140px; background: #fff; padding: 15px; border: 1px solid #eee; border-radius: 8px; display: flex; align-items: center; justify-content: center; height: 100px;\"><img decoding=\"async\" style=\"max-width: 100%; max-height: 80px; object-fit: contain;\" src=\"https:\/\/platformsan.com.tr\/wp-content\/uploads\/2019\/09\/conrad-788.png\" alt=\"Conrad\" \/><\/div>\n<div style=\"flex: 0 0 15%; min-width: 140px; background: #fff; padding: 15px; border: 1px solid #eee; border-radius: 8px; display: flex; align-items: center; justify-content: center; height: 100px;\"><img decoding=\"async\" style=\"max-width: 100%; max-height: 80px; object-fit: contain;\" src=\"https:\/\/platformsan.com.tr\/wp-content\/uploads\/2019\/09\/iga-logo@2x.png\" alt=\"\u0130GA Havaliman\u0131\" \/><\/div>\n<div style=\"flex: 0 0 15%; min-width: 140px; background: #fff; padding: 15px; border: 1px solid #eee; border-radius: 8px; display: flex; align-items: center; justify-content: center; height: 100px;\"><img decoding=\"async\" style=\"max-width: 100%; max-height: 80px; object-fit: contain;\" src=\"https:\/\/platformsan.com.tr\/wp-content\/uploads\/2019\/09\/ilbank_logo.png\" alt=\"\u0130lbank\" \/><\/div>\n<div style=\"flex: 0 0 15%; min-width: 140px; background: #fff; padding: 15px; border: 1px solid #eee; border-radius: 8px; display: flex; align-items: center; justify-content: center; height: 100px;\"><img decoding=\"async\" style=\"max-width: 100%; max-height: 80px; object-fit: contain;\" src=\"https:\/\/platformsan.com.tr\/wp-content\/uploads\/2019\/09\/ihlamur-evleri-logo.png\" alt=\"Ihlamur Evleri\" \/><\/div>\n<div style=\"flex: 0 0 15%; min-width: 140px; background: #fff; padding: 15px; border: 1px solid #eee; border-radius: 8px; display: flex; align-items: center; justify-content: center; height: 100px;\"><img decoding=\"async\" style=\"max-width: 100%; max-height: 80px; object-fit: contain;\" src=\"https:\/\/platformsan.com.tr\/wp-content\/uploads\/2019\/09\/Iski-logo.png\" alt=\"\u0130SK\u0130\" \/><\/div>\n<div style=\"flex: 0 0 15%; min-width: 140px; background: #fff; padding: 15px; border: 1px solid #eee; border-radius: 8px; display: flex; align-items: center; justify-content: center; height: 100px;\"><img decoding=\"async\" style=\"max-width: 100%; max-height: 80px; object-fit: contain;\" src=\"https:\/\/platformsan.com.tr\/wp-content\/uploads\/2019\/09\/\u0130stanbul_Medipol_\u00dcniversitesi_logosu.jpg\" alt=\"Medipol\" \/><\/div>\n<div style=\"flex: 0 0 15%; min-width: 140px; background: #fff; padding: 15px; border: 1px solid #eee; border-radius: 8px; display: flex; align-items: center; justify-content: center; height: 100px;\"><img decoding=\"async\" style=\"max-width: 100%; max-height: 80px; object-fit: contain;\" src=\"https:\/\/platformsan.com.tr\/wp-content\/uploads\/2019\/09\/LCWaikiki.jpg\" alt=\"LC Waikiki\" \/><\/div>\n<div style=\"flex: 0 0 15%; min-width: 140px; background: #fff; padding: 15px; border: 1px solid #eee; border-radius: 8px; display: flex; align-items: center; justify-content: center; height: 100px;\"><img decoding=\"async\" style=\"max-width: 100%; max-height: 80px; object-fit: contain;\" src=\"https:\/\/platformsan.com.tr\/wp-content\/uploads\/2019\/09\/sinpas_flatofis_istanbul_logo.png\" alt=\"Sinpa\u015f\" \/><\/div>\n<div style=\"flex: 0 0 15%; min-width: 140px; background: #fff; padding: 15px; border: 1px solid #eee; border-radius: 8px; display: flex; align-items: center; justify-content: center; height: 100px;\"><img decoding=\"async\" style=\"max-width: 100%; max-height: 80px; object-fit: contain;\" src=\"https:\/\/platformsan.com.tr\/wp-content\/uploads\/2019\/09\/Skyland-logo-250x180.jpg\" alt=\"Skyland\" \/><\/div>\n<div style=\"flex: 0 0 15%; min-width: 140px; background: #fff; padding: 15px; border: 1px solid #eee; border-radius: 8px; display: flex; align-items: center; justify-content: center; height: 100px;\"><img decoding=\"async\" style=\"max-width: 100%; max-height: 80px; object-fit: contain;\" src=\"https:\/\/platformsan.com.tr\/wp-content\/uploads\/2019\/09\/ytu-logo-eng.jpg.webp\" alt=\"YTU\" \/><\/div>\n<div style=\"flex: 0 0 15%; min-width: 140px; background: #fff; padding: 15px; border: 1px solid #eee; border-radius: 8px; display: flex; align-items: center; justify-content: center; height: 100px;\"><img decoding=\"async\" style=\"max-width: 100%; max-height: 80px; object-fit: contain;\" src=\"https:\/\/platformsan.com.tr\/wp-content\/uploads\/2019\/09\/vaditepe_logo.png\" alt=\"Vaditepe\" \/><\/div>\n<div style=\"flex: 0 0 15%; min-width: 140px; background: #fff; padding: 15px; border: 1px solid #eee; border-radius: 8px; display: flex; align-items: center; justify-content: center; height: 100px;\"><img decoding=\"async\" style=\"max-width: 100%; max-height: 80px; object-fit: contain;\" src=\"https:\/\/platformsan.com.tr\/wp-content\/uploads\/2019\/09\/leventlife-e1462197382920.jpg\" alt=\"Levent Life\" \/><\/div>\n<div style=\"flex: 0 0 15%; min-width: 140px; background: #fff; padding: 15px; border: 1px solid #eee; border-radius: 8px; display: flex; align-items: center; justify-content: center; height: 100px;\"><img decoding=\"async\" style=\"max-width: 100%; max-height: 80px; object-fit: contain;\" src=\"https:\/\/platformsan.com.tr\/wp-content\/uploads\/2019\/09\/kristalsehirLogo.png\" alt=\"Kristal \u015eehir\" \/><\/div>\n<\/div>\n<div style=\"margin: 60px 20px 0; padding: 50px; background-color: #f8f9fa; border-radius: 20px; text-align: center; border: 2px dashed #dd3333;\">\n<h2 style=\"color: #333; font-size: 26px; font-weight: 800; margin-bottom: 15px; text-transform: uppercase;\">Sizin Projeniz de Bu Listede Yer Alabilir<\/h2>\n<p style=\"color: #666; font-size: 16px; max-width: 750px; margin: 0 auto 35px;\">Hizmet verdi\u011fimiz her sekt\u00f6rde y\u00fcksek kalite ve g\u00fcvenlik standartlar\u0131m\u0131z\u0131 koruyoruz. Projenize \u00f6zel <strong>asma iskele<\/strong> ve dikey eri\u015fim planlamas\u0131 i\u00e7in uzmanlar\u0131m\u0131za dan\u0131\u015f\u0131n.<\/p>\n<div style=\"display: flex; justify-content: center; gap: 20px; flex-wrap: wrap;\"><a style=\"background-color: #dd3333; color: #fff; padding: 18px 50px; text-decoration: none; font-weight: bold; border-radius: 5px; font-size: 16px; box-shadow: 0 10px 25px rgba(221, 51, 51, 0.3);\" href=\"https:\/\/platformsan.com.tr\/en\/iletisim\/\">\u0130LET\u0130\u015e\u0130ME GE\u00c7\u0130N<\/a><\/div>\n<\/div>\n<\/div>","protected":false},"excerpt":{"rendered":"<p>REFERANSLARIMIZ Platformsan M\u00fchendisli\u011fi ile G\u00fcvenle Y\u00fckselen Projeler T\u00fcrkiye&#8217;nin ve d\u00fcnyan\u0131n en prestijli kurumlar\u0131, asma iskele ve dikey eri\u015fim \u00e7\u00f6z\u00fcmlerinde Platformsan&#8217;\u0131n tecr\u00fcbesine g\u00fcveniyor. Sizin Projeniz de&#8230;<\/p>","protected":false},"author":2,"featured_media":0,"parent":0,"menu_order":0,"comment_status":"closed","ping_status":"closed","template":"","meta":{"footnotes":""},"class_list":["post-870","page","type-page","status-publish","hentry"],"_links":{"self":[{"href":"https:\/\/platformsan.com.tr\/en\/wp-json\/wp\/v2\/pages\/870","targetHints":{"allow":["GET"]}}],"collection":[{"href":"https:\/\/platformsan.com.tr\/en\/wp-json\/wp\/v2\/pages"}],"about":[{"href":"https:\/\/platformsan.com.tr\/en\/wp-json\/wp\/v2\/types\/page"}],"author":[{"embeddable":true,"href":"https:\/\/platformsan.com.tr\/en\/wp-json\/wp\/v2\/users\/2"}],"replies":[{"embeddable":true,"href":"https:\/\/platformsan.com.tr\/en\/wp-json\/wp\/v2\/comments?post=870"}],"version-history":[{"count":4,"href":"https:\/\/platformsan.com.tr\/en\/wp-json\/wp\/v2\/pages\/870\/revisions"}],"predecessor-version":[{"id":2347,"href":"https:\/\/platformsan.com.tr\/en\/wp-json\/wp\/v2\/pages\/870\/revisions\/2347"}],"wp:attachment":[{"href":"https:\/\/platformsan.com.tr\/en\/wp-json\/wp\/v2\/media?parent=870"}],"curies":[{"name":"wp","href":"https:\/\/api.w.org\/{rel}","templated":true}]}}