{"id":815,"date":"2019-05-03T18:22:46","date_gmt":"2019-05-03T15:22:46","guid":{"rendered":"http:\/\/platformsan.parlakfikirleratolyesi.com\/?page_id=815"},"modified":"2026-03-10T21:25:36","modified_gmt":"2026-03-10T18:25:36","slug":"sky-grip","status":"publish","type":"page","link":"https:\/\/platformsan.com.tr\/en\/tirmanma-motorlari\/sky-grip\/","title":{"rendered":"SKY Grip"},"content":{"rendered":"<p>[vc_row][vc_column][vc_empty_space height=&#8221;50px&#8221;][\/vc_column][\/vc_row][vc_row][vc_column width=&#8221;1\/4&#8243;][vc_wp_custommenu nav_menu=&#8221;6&#8243;][\/vc_column][vc_column width=&#8221;3\/4&#8243;][vc_row_inner][vc_column_inner width=&#8221;1\/3&#8243;][vc_single_image image=&#8221;816&#8243; img_size=&#8221;full&#8221; style=&#8221;vc_box_outline&#8221; border_color=&#8221;black&#8221;][\/vc_column_inner][vc_column_inner width=&#8221;2\/3&#8243;][vc_column_text]Skyclimber\u2019\u0131n yeni geli\u015ftirmi\u015f oldu\u011fu SkyGrip (CE Belgeli), iki t\u0131rmanma motorlu platformlar i\u00e7in tam ve yeterli D\u00fc\u015fme \u00d6nleyici Emniyet cihaz\u0131d\u0131r.<\/p>\n<p>Gev\u015fek halat alg\u0131lama gibi \u00f6zellikleriyle bir g\u00fcvenlik freni cihaz\u0131 olarak i\u015flev g\u00f6r\u00fcr. Ayn\u0131 zamanda, bir anti e\u011fme arac\u0131 olarak i\u015flev g\u00f6r\u00fcr. Do\u011fru uygulanm\u0131\u015f iki t\u0131rmanma motoru ile bir platform \u00fczerinde kurulu olan SkyGrip ask\u0131 halat\u0131, ask\u0131 halat\u0131 y\u00fcks\u00fcz duruma ge\u00e7erse veya \u00e7elik halatda 10 dereceden fazla bir e\u011fim olu\u015fursa, platformun devrilme ihtimalini \u00f6nler.<\/p>\n<p>SkyGrip D\u00fc\u015fme \u00d6nleyici Emniyet cihaz\u0131 mevcut Skyclimber t\u0131rmanma motorlar\u0131 ile tam uyumludur. SkyGrip herhangi bir \u00f6zel ba\u011flant\u0131 eleman\u0131 gerektirmez. \u00c7ift Motorlu Asma \u0130skelelerde, d\u00fc\u015fme \u00f6nleyici emniyet freni olarak Skygrip kullan\u0131l\u0131r.[\/vc_column_text][\/vc_column_inner][\/vc_row_inner][vc_empty_space height=&#8221;50px&#8221;][\/vc_column][\/vc_row][vc_row][vc_column][vc_empty_space height=&#8221;50px&#8221;][\/vc_column][\/vc_row]<\/p>\n","protected":false},"excerpt":{"rendered":"<p>[vc_row][vc_column][vc_empty_space height=&#8221;50px&#8221;][\/vc_column][\/vc_row][vc_row][vc_column width=&#8221;1\/4&#8243;][vc_wp_custommenu nav_menu=&#8221;6&#8243;][\/vc_column][vc_column width=&#8221;3\/4&#8243;][vc_row_inner][vc_column_inner width=&#8221;1\/3&#8243;][vc_single_image image=&#8221;816&#8243; img_size=&#8221;full&#8221; style=&#8221;vc_box_outline&#8221; border_color=&#8221;black&#8221;][\/vc_column_inner][vc_column_inner width=&#8221;2\/3&#8243;][vc_column_text]Skyclimber\u2019\u0131n yeni geli\u015ftirmi\u015f oldu\u011fu SkyGrip (CE Belgeli), iki t\u0131rmanma motorlu platformlar i\u00e7in tam ve yeterli&#8230;<\/p>\n","protected":false},"author":2,"featured_media":0,"parent":725,"menu_order":0,"comment_status":"closed","ping_status":"closed","template":"asma-iskele-menulu.php","meta":{"footnotes":""},"class_list":["post-815","page","type-page","status-publish","hentry"],"_links":{"self":[{"href":"https:\/\/platformsan.com.tr\/en\/wp-json\/wp\/v2\/pages\/815","targetHints":{"allow":["GET"]}}],"collection":[{"href":"https:\/\/platformsan.com.tr\/en\/wp-json\/wp\/v2\/pages"}],"about":[{"href":"https:\/\/platformsan.com.tr\/en\/wp-json\/wp\/v2\/types\/page"}],"author":[{"embeddable":true,"href":"https:\/\/platformsan.com.tr\/en\/wp-json\/wp\/v2\/users\/2"}],"replies":[{"embeddable":true,"href":"https:\/\/platformsan.com.tr\/en\/wp-json\/wp\/v2\/comments?post=815"}],"version-history":[{"count":1,"href":"https:\/\/platformsan.com.tr\/en\/wp-json\/wp\/v2\/pages\/815\/revisions"}],"predecessor-version":[{"id":2271,"href":"https:\/\/platformsan.com.tr\/en\/wp-json\/wp\/v2\/pages\/815\/revisions\/2271"}],"up":[{"embeddable":true,"href":"https:\/\/platformsan.com.tr\/en\/wp-json\/wp\/v2\/pages\/725"}],"wp:attachment":[{"href":"https:\/\/platformsan.com.tr\/en\/wp-json\/wp\/v2\/media?parent=815"}],"curies":[{"name":"wp","href":"https:\/\/api.w.org\/{rel}","templated":true}]}}