{"id":810,"date":"2019-05-03T18:20:42","date_gmt":"2019-05-03T15:20:42","guid":{"rendered":"http:\/\/platformsan.parlakfikirleratolyesi.com\/?page_id=810"},"modified":"2026-03-10T21:25:40","modified_gmt":"2026-03-10T18:25:40","slug":"sky-lock","status":"publish","type":"page","link":"https:\/\/platformsan.com.tr\/en\/tirmanma-motorlari\/sky-lock\/","title":{"rendered":"SKY Lock"},"content":{"rendered":"<p>[vc_row][vc_column][vc_empty_space height=&#8221;50px&#8221;][\/vc_column][\/vc_row][vc_row][vc_column width=&#8221;1\/4&#8243;][vc_wp_custommenu nav_menu=&#8221;6&#8243;][\/vc_column][vc_column width=&#8221;3\/4&#8243;][vc_row_inner][vc_column_inner width=&#8221;1\/3&#8243;][vc_single_image image=&#8221;813&#8243; img_size=&#8221;full&#8221; style=&#8221;vc_box_outline&#8221; border_color=&#8221;black&#8221;][\/vc_column_inner][vc_column_inner width=&#8221;2\/3&#8243;][vc_column_text]Halat, mekanizmadan ge\u00e7erken g\u00fcvenlik tehlikesi yaratabilir. T\u0131rmanma motoru gerekti\u011finden fazla fabrika \u00e7\u0131k\u0131\u015f h\u0131z\u0131n\u0131 a\u015farsa, Skylock taraf\u0131ndan halat s\u0131k\u0131larak kilitlenecektir. Bu sayede, platformun \u00e7al\u0131\u015fma g\u00fcvenli\u011fi sa\u011flan\u0131r.<\/p>\n<p>&#8211; Manuel olarak aktif<\/p>\n<p>&#8211; Platform \u00fczerinde ani hareket alg\u0131land\u0131\u011f\u0131nda;<\/p>\n<p>&#8211; Titre\u015fimleri alg\u0131lar.<\/p>\n<p>&#8211; \u00c7elik tel halatdaki hasar\u0131 alg\u0131lar.<\/p>\n<p>Sky Kilidi ayr\u0131 olarak sat\u0131n al\u0131nabilir; ancak t\u00fcm y\u00fck asans\u00f6rleri Sky Lock veya SkyGrip ile sat\u0131lmaktad\u0131r.[\/vc_column_text][\/vc_column_inner][\/vc_row_inner][vc_empty_space height=&#8221;50px&#8221;][\/vc_column][\/vc_row][vc_row][vc_column][vc_empty_space height=&#8221;50px&#8221;][\/vc_column][\/vc_row]<\/p>\n","protected":false},"excerpt":{"rendered":"<p>[vc_row][vc_column][vc_empty_space height=&#8221;50px&#8221;][\/vc_column][\/vc_row][vc_row][vc_column width=&#8221;1\/4&#8243;][vc_wp_custommenu nav_menu=&#8221;6&#8243;][\/vc_column][vc_column width=&#8221;3\/4&#8243;][vc_row_inner][vc_column_inner width=&#8221;1\/3&#8243;][vc_single_image image=&#8221;813&#8243; img_size=&#8221;full&#8221; style=&#8221;vc_box_outline&#8221; border_color=&#8221;black&#8221;][\/vc_column_inner][vc_column_inner width=&#8221;2\/3&#8243;][vc_column_text]Halat, mekanizmadan ge\u00e7erken g\u00fcvenlik tehlikesi yaratabilir. T\u0131rmanma motoru gerekti\u011finden fazla fabrika \u00e7\u0131k\u0131\u015f h\u0131z\u0131n\u0131 a\u015farsa, Skylock&#8230;<\/p>\n","protected":false},"author":2,"featured_media":0,"parent":725,"menu_order":0,"comment_status":"closed","ping_status":"closed","template":"asma-iskele-menulu.php","meta":{"footnotes":""},"class_list":["post-810","page","type-page","status-publish","hentry"],"_links":{"self":[{"href":"https:\/\/platformsan.com.tr\/en\/wp-json\/wp\/v2\/pages\/810","targetHints":{"allow":["GET"]}}],"collection":[{"href":"https:\/\/platformsan.com.tr\/en\/wp-json\/wp\/v2\/pages"}],"about":[{"href":"https:\/\/platformsan.com.tr\/en\/wp-json\/wp\/v2\/types\/page"}],"author":[{"embeddable":true,"href":"https:\/\/platformsan.com.tr\/en\/wp-json\/wp\/v2\/users\/2"}],"replies":[{"embeddable":true,"href":"https:\/\/platformsan.com.tr\/en\/wp-json\/wp\/v2\/comments?post=810"}],"version-history":[{"count":1,"href":"https:\/\/platformsan.com.tr\/en\/wp-json\/wp\/v2\/pages\/810\/revisions"}],"predecessor-version":[{"id":2272,"href":"https:\/\/platformsan.com.tr\/en\/wp-json\/wp\/v2\/pages\/810\/revisions\/2272"}],"up":[{"embeddable":true,"href":"https:\/\/platformsan.com.tr\/en\/wp-json\/wp\/v2\/pages\/725"}],"wp:attachment":[{"href":"https:\/\/platformsan.com.tr\/en\/wp-json\/wp\/v2\/media?parent=810"}],"curies":[{"name":"wp","href":"https:\/\/api.w.org\/{rel}","templated":true}]}}