{"id":711,"date":"2019-05-02T14:07:08","date_gmt":"2019-05-02T11:07:08","guid":{"rendered":"http:\/\/platformsan.parlakfikirleratolyesi.com\/?page_id=711"},"modified":"2021-11-24T12:44:57","modified_gmt":"2021-11-24T09:44:57","slug":"yuk-ve-personel-asansorleri","status":"publish","type":"page","link":"https:\/\/platformsan.com.tr\/en\/yuk-ve-personel-asansorleri\/","title":{"rendered":"Freight and Personnel Lifts"},"content":{"rendered":"<p>[vc_row 0=&#8221;&#8221;][vc_column 0=&#8221;&#8221;][vc_empty_space height=&#8221;50px&#8221;][vc_custom_heading source=&#8221;post_title&#8221; font_container=&#8221;tag:h1|text_align:left&#8221; use_theme_fonts=&#8221;yes&#8221;][vc_empty_space height=&#8221;50px&#8221;][\/vc_column][\/vc_row][vc_row el_class=&#8221;yukasansorback&#8221;][vc_column width=&#8221;1\/4&#8243;][vc_wp_custommenu nav_menu=&#8221;4&#8243;][\/vc_column][vc_column width=&#8221;3\/4&#8243;][vc_row_inner 0=&#8221;&#8221;][vc_column_inner width=&#8221;1\/2&#8243;][vc_column_text 0=&#8221;&#8221;]<\/p>\n<h2><strong>Teknik \u00d6zellikler<\/strong><\/h2>\n<p>[\/vc_column_text][vc_empty_space height=&#8221;10px&#8221;][vc_column_text 0=&#8221;&#8221;]Platformsan y\u00fck ve personel asans\u00f6rleri; in\u015faatlarda, barajlarda, elektrik ve beton santrallerinde, \u00e7imento fabrikalar\u0131nda, y\u00fcksek katl\u0131 binalarda katlara ve istenilen b\u00f6lgeye y\u00fck ve personel ta\u015f\u0131mada kullan\u0131labilen y\u00fcksek performansl\u0131 i\u00e7 ve d\u0131\u015f cephe asans\u00f6rleridir.<\/p>\n<p>Yo\u011fun in\u015faat i\u015flerinde, y\u00fck ta\u015f\u0131ma ve bo\u015faltma i\u015flerinde ve kule vincin giremeyece\u011fi yerlerde kullan\u0131l\u0131r. Kolay kurulup s\u00f6k\u00fclmesiyle verimlili\u011fi art\u0131rmakta, i\u015fg\u00fcc\u00fc ve zaman tasarrufu sa\u011flamaktad\u0131r. \u00c7al\u0131\u015fma y\u00fcksekli\u011fi 150 metreye kadar \u00e7\u0131kabilmektedir.<\/p>\n<p>Mast \u00fczerine monte edilmi\u015f kremayer di\u015fli mekanizmas\u0131 ile kendinden frenli red\u00fckt\u00f6rl\u00fc motorlar &#8211; vas\u0131tas\u0131yla yukar\u0131 a\u015fa\u011f\u0131 hareket eden bu sistemler maksimum g\u00fcvenlikli olarak donat\u0131lm\u0131\u015ft\u0131r.<\/p>\n<p>Y\u00fck ve personel asans\u00f6rlerinde kullan\u0131lan mastlar (kolonlar) ve ana \u00fcnite \u015fasesi s\u0131cak dald\u0131rma galvanizli olmas\u0131 nedeniyle paslanmaya kar\u015f\u0131 dayan\u0131kl\u0131d\u0131r.<\/p>\n<p>Y\u00fck ve personel asans\u00f6rlerinde makinan\u0131n ve motorlar\u0131n \u00f6mr\u00fcn\u00fc uzatmak maksad\u0131yla; maksimum ta\u015f\u0131ma kapasitesinin a\u015f\u0131lmas\u0131n\u0131 engellemek i\u00e7in a\u015f\u0131r\u0131 y\u00fck sens\u00f6rleri, yumu\u015fak kalk\u0131\u015f ve duru\u015f imkan\u0131 sa\u011flamak i\u00e7in h\u0131z kontrol cihaz\u0131 bulundurmaktad\u0131r.<\/p>\n<p>Elektrik motorlar\u0131 ve pano sarf malzemeleri (schneider marka) d\u0131\u015f\u0131nda t\u00fcm imalat taraf\u0131m\u0131zdan ger\u00e7ekle\u015ftirilmektedir.<\/p>\n<p><strong>Ta\u015f\u0131ma kapasitesine g\u00f6re YP1000, YP1500 ve YP2000 modellerimiz bulunmaktad\u0131r.<br \/>\nY\u00fck ve personel asans\u00f6rleri CE belgesi, 2006\/42\/AT, 2006\/95\/AT y\u00f6netmeliklerine ve TS EN 12159, TS EN 60204-1, TS EN 12100 standartlar\u0131na uyumludur.<\/strong>[\/vc_column_text][\/vc_column_inner][vc_column_inner width=&#8221;1\/2&#8243;][vc_column_text 0=&#8221;&#8221;]<\/p>\n<h2><strong>G\u00fcvenlik Standartlar\u0131<\/strong><\/h2>\n<p>[\/vc_column_text][vc_empty_space height=&#8221;10px&#8221;][vc_column_text el_class=&#8221;yukasansoruliste&#8221;]<\/p>\n<ul>\n<li>H\u0131za kar\u015f\u0131 duyarl\u0131 para\u015f\u00fct fren sistemi<\/li>\n<li>Elektromanyetik fren sistemi<\/li>\n<li>A\u015f\u0131r\u0131 y\u00fck sens\u00f6r\u00fc<\/li>\n<li>H\u0131z kontrol cihaz\u0131<\/li>\n<li>Acil stop butonu<\/li>\n<li>Asans\u00f6r alt ve \u00fcst limit durdurma sistemi<\/li>\n<li>Final mast\u0131 sayesinde son y\u00fckseklikte durdurma&nbsp; sistemi<\/li>\n<li>A\u015fa\u011f\u0131 ve yukar\u0131 hareket esnas\u0131nda sesli ikaz sistemi<\/li>\n<li>Kap\u0131 a\u00e7\u0131k iken \u00e7al\u0131\u015fmay\u0131 durdurma sistemi<\/li>\n<li>Motor ar\u0131za ikaz sistemi<\/li>\n<li>Faz hata ikaz sistemi<\/li>\n<li>Her 9 metrede ankraj ile ba\u011flant\u0131 sistemi<\/li>\n<li>Acil durumda manuel olarak platformu indirebilme&nbsp;sistemi<\/li>\n<li>S\u0131cak dald\u0131rma galvaniz sayesinde paslanmay\u0131&nbsp;\u00f6nleme sistemi<\/li>\n<li>Polyamid tekerler sayesinde kolay ta\u015f\u0131ma sistemi<\/li>\n<li>Pano \u00fczerinde 220 V priz imkan\u0131<\/li>\n<li>Emniyet i\u00e7in d\u0131\u015f koruma kabin sistemi<\/li>\n<li>*Mast (kolon) emniyet sens\u00f6r\u00fc<\/li>\n<\/ul>\n<p>[\/vc_column_text][\/vc_column_inner][\/vc_row_inner][\/vc_column][\/vc_row][vc_row 0=&#8221;&#8221;][vc_column 0=&#8221;&#8221;][vc_empty_space height=&#8221;50px&#8221;][\/vc_column][\/vc_row][vc_row 0=&#8221;&#8221;][vc_column 0=&#8221;&#8221;][vc_tta_accordion active_section=&#8221;0&#8243;][vc_tta_section title=&#8221;YP1000 \/ 1500&#8243; tab_id=&#8221;1556796007993-0f94317e-bc2f&#8221;][vc_row_inner 0=&#8221;&#8221;][vc_column_inner width=&#8221;1\/2&#8243;][vc_single_image image=&#8221;718&#8243; img_size=&#8221;full&#8221;][\/vc_column_inner][vc_column_inner width=&#8221;1\/2&#8243;][vc_column_text 0=&#8221;&#8221;]<\/p>\n<table width=\"397\">\n<tbody>\n<tr>\n<td width=\"203\"><\/td>\n<td width=\"97\">YP-1000<\/td>\n<td width=\"97\">YP-1500<\/td>\n<\/tr>\n<tr>\n<td width=\"203\">Kapasite (*) \/ Payload Capacity<\/td>\n<td width=\"97\">1000 kg.<\/td>\n<td width=\"97\">1500 kg.<\/td>\n<\/tr>\n<tr>\n<td width=\"203\">Maksimum Y\u00fckseklik \/ Maximum Height<\/td>\n<td width=\"97\">150 mt.<\/td>\n<td width=\"97\">150 mt.<\/td>\n<\/tr>\n<tr>\n<td width=\"203\">Kabin \u00d6l\u00e7\u00fcleri \/ Cage Dimensions<\/td>\n<td width=\"97\">1200x2000x2200&nbsp; mm.<\/td>\n<td width=\"97\">1250x2350x2200 mm.<\/td>\n<\/tr>\n<tr>\n<td width=\"203\">H\u0131z \/ Maximum Speed<\/td>\n<td width=\"97\">0-30 m \/ dk.<\/td>\n<td width=\"97\">0-30 m \/ dk.<\/td>\n<\/tr>\n<tr>\n<td width=\"203\">Voltaj \/ Supply Voltage<\/td>\n<td width=\"97\">380 \\\/.<\/td>\n<td width=\"97\">380 \\\/.<\/td>\n<\/tr>\n<tr>\n<td width=\"203\">Frekans \/ Frequency<\/td>\n<td width=\"97\">0-50 Hz.<\/td>\n<td width=\"97\">0-50 Hz.<\/td>\n<\/tr>\n<tr>\n<td width=\"203\">Maksimum \u00c7ekti\u011fi Ak\u0131m \/ Fuses<\/td>\n<td width=\"97\">32 A<\/td>\n<td width=\"97\">40 A<\/td>\n<\/tr>\n<tr>\n<td width=\"203\">Ankraj Aral\u0131\u011f\u0131 \/ Distance Between Anchorages<\/td>\n<td width=\"97\">6 mt.<\/td>\n<td width=\"97\">6 mt.<\/td>\n<\/tr>\n<tr>\n<td width=\"203\">Mast \u00d6l\u00e7\u00fcleri \/ Mast Section Dimensions<\/td>\n<td width=\"97\">440x440x1500&nbsp; mm.<\/td>\n<td width=\"97\">505x525x1 500 mm.<\/td>\n<\/tr>\n<tr>\n<td width=\"203\">Mast A\u011f\u0131rl\u0131\u011f\u0131 \/ Mast Section Weight<\/td>\n<td width=\"97\">62 kg.<\/td>\n<td width=\"97\">75 -78 kg.<\/td>\n<\/tr>\n<tr>\n<td width=\"203\">Motor G\u00fcc\u00fc \/ Power of Motors<\/td>\n<td width=\"97\">2 x 5,5 Kw.<\/td>\n<td width=\"97\">2 x 7,5 Kw.<\/td>\n<\/tr>\n<\/tbody>\n<\/table>\n<p>[\/vc_column_text][vc_column_text 0=&#8221;&#8221;]<strong>* Ta\u015f\u0131ma kapasitelerine personel a\u011f\u0131rl\u0131klar\u0131 dahildir.<\/strong>[\/vc_column_text][\/vc_column_inner][\/vc_row_inner][\/vc_tta_section][\/vc_tta_accordion][vc_tta_accordion active_section=&#8221;0&#8243;][vc_tta_section title=&#8221;YP2000&#8243; tab_id=&#8221;1556797216642-5c1a5528-bf48&#8243;][vc_row_inner 0=&#8221;&#8221;][vc_column_inner width=&#8221;1\/2&#8243;][vc_single_image image=&#8221;723&#8243; img_size=&#8221;full&#8221;][\/vc_column_inner][vc_column_inner width=&#8221;1\/2&#8243;][vc_column_text 0=&#8221;&#8221;]<\/p>\n<table width=\"399\">\n<tbody>\n<tr>\n<td width=\"203\"><\/td>\n<td width=\"196\">YP-2000<\/td>\n<\/tr>\n<tr>\n<td width=\"203\">Kapasite ( * ) \/ Payload Capacity<\/td>\n<td width=\"196\">2000 kg.<\/td>\n<\/tr>\n<tr>\n<td width=\"203\">Maksimum Y\u00fckseklik \/ Maximum Height<\/td>\n<td width=\"196\">150 mt.-200** mt.<\/td>\n<\/tr>\n<tr>\n<td width=\"203\">Kabin \u00d6l\u00e7\u00fcleri \/ Cage Dimensions<\/td>\n<td width=\"196\">1500x3000x2300 mm.<\/td>\n<\/tr>\n<tr>\n<td width=\"203\">H\u0131z \/ Maximum Speed<\/td>\n<td width=\"196\">0-36 m I dk. &#8211; 0-50** m I dk.<\/td>\n<\/tr>\n<tr>\n<td width=\"203\">Voltaj \/ Supply Voltage<\/td>\n<td width=\"196\">380 V<\/td>\n<\/tr>\n<tr>\n<td width=\"203\">Frekans \/ Frequency<\/td>\n<td width=\"196\">0-50 Hz.<\/td>\n<\/tr>\n<tr>\n<td width=\"203\">Maksimum \u00c7ekti\u011fi Ak\u0131m \/ Fuses<\/td>\n<td width=\"196\">63 A &#8211; 80** A<\/td>\n<\/tr>\n<tr>\n<td width=\"203\">Ankraj Aral\u0131\u011f\u0131 \/ Distance Between Anchorages<\/td>\n<td width=\"196\">9 mt.<\/td>\n<\/tr>\n<tr>\n<td width=\"203\">Mast \u00d6l\u00e7\u00fcleri \/ Mast Section Dimensions<\/td>\n<td width=\"196\">725x695x 1500 mm.<\/td>\n<\/tr>\n<tr>\n<td width=\"203\">Mast A\u011f\u0131rl\u0131\u011f\u0131 \/ Mast Section Weight<\/td>\n<td width=\"196\">125 kg.<\/td>\n<\/tr>\n<tr>\n<td width=\"203\">Motor G\u00fcc\u00fc \/ Power of Motors<\/td>\n<td width=\"196\">2 x 11 Kw. &#8211; 3** x 11 Kw.<\/td>\n<\/tr>\n<\/tbody>\n<\/table>\n<p>[\/vc_column_text][vc_column_text 0=&#8221;&#8221;]<strong>* Ta\u015f\u0131ma kapasitelerine personel a\u011f\u0131rl\u0131klar\u0131 dahildir.<\/strong><br \/>\n<strong>** 150-200 metre aras\u0131ndaki y\u00fckseklikler i\u00e7in ge\u00e7erlidir.<\/strong>[\/vc_column_text][\/vc_column_inner][\/vc_row_inner][\/vc_tta_section][\/vc_tta_accordion][\/vc_column][\/vc_row]<\/p>\n","protected":false},"excerpt":{"rendered":"<p>[vc_row 0=&#8221;&#8221;][vc_column 0=&#8221;&#8221;][vc_empty_space height=&#8221;50px&#8221;][vc_custom_heading source=&#8221;post_title&#8221; font_container=&#8221;tag:h1|text_align:left&#8221; use_theme_fonts=&#8221;yes&#8221;][vc_empty_space height=&#8221;50px&#8221;][\/vc_column][\/vc_row][vc_row el_class=&#8221;yukasansorback&#8221;][vc_column width=&#8221;1\/4&#8243;][vc_wp_custommenu nav_menu=&#8221;4&#8243;][\/vc_column][vc_column width=&#8221;3\/4&#8243;][vc_row_inner 0=&#8221;&#8221;][vc_column_inner width=&#8221;1\/2&#8243;][vc_column_text 0=&#8221;&#8221;] Teknik \u00d6zellikler [\/vc_column_text][vc_empty_space height=&#8221;10px&#8221;][vc_column_text 0=&#8221;&#8221;]Platformsan y\u00fck ve personel asans\u00f6rleri; in\u015faatlarda,&#8230;<\/p>\n","protected":false},"author":2,"featured_media":0,"parent":0,"menu_order":0,"comment_status":"closed","ping_status":"closed","template":"","meta":{"footnotes":""},"class_list":["post-711","page","type-page","status-publish","hentry"],"_links":{"self":[{"href":"https:\/\/platformsan.com.tr\/en\/wp-json\/wp\/v2\/pages\/711","targetHints":{"allow":["GET"]}}],"collection":[{"href":"https:\/\/platformsan.com.tr\/en\/wp-json\/wp\/v2\/pages"}],"about":[{"href":"https:\/\/platformsan.com.tr\/en\/wp-json\/wp\/v2\/types\/page"}],"author":[{"embeddable":true,"href":"https:\/\/platformsan.com.tr\/en\/wp-json\/wp\/v2\/users\/2"}],"replies":[{"embeddable":true,"href":"https:\/\/platformsan.com.tr\/en\/wp-json\/wp\/v2\/comments?post=711"}],"version-history":[{"count":1,"href":"https:\/\/platformsan.com.tr\/en\/wp-json\/wp\/v2\/pages\/711\/revisions"}],"predecessor-version":[{"id":1968,"href":"https:\/\/platformsan.com.tr\/en\/wp-json\/wp\/v2\/pages\/711\/revisions\/1968"}],"wp:attachment":[{"href":"https:\/\/platformsan.com.tr\/en\/wp-json\/wp\/v2\/media?parent=711"}],"curies":[{"name":"wp","href":"https:\/\/api.w.org\/{rel}","templated":true}]}}