{"id":578,"date":"2019-04-15T12:36:50","date_gmt":"2019-04-15T09:36:50","guid":{"rendered":"http:\/\/platformsan.parlakfikirleratolyesi.com\/?page_id=578"},"modified":"2026-03-10T21:44:56","modified_gmt":"2026-03-10T18:44:56","slug":"cephe-platformu-kiralama","status":"publish","type":"page","link":"https:\/\/platformsan.com.tr\/en\/cephe-platformu-kiralama\/","title":{"rendered":"FACADE PLATFORM RENTAL"},"content":{"rendered":"<div style=\"margin-top: 35px; margin-bottom: 25px; padding: 25px; border-radius: 8px; background-color: #efefef; border: 1px solid #ececec; text-align: center;\">\n<h1 style=\"color: #666666; margin: 0; font-size: 2em; text-transform: uppercase;\">Facade Platform Rental<\/h1>\n<div style=\"height: 5px; background-color: #dd3333; width: 100px; margin: 15px auto 0;\"><\/div>\n<\/div>\n<div style=\"display: flex; flex-wrap: wrap; gap: 30px; margin-bottom: 40px;\">\n<div style=\"flex: 1; min-width: 300px; text-align: center;\">\n<div style=\"width: 1210px\" class=\"wp-caption alignnone\"><img loading=\"lazy\" decoding=\"async\" style=\"max-width: 100%; height: auto; border: 1px solid #000; padding: 5px; border-radius: 4px; box-shadow: 0 4px 10px rgba(0,0,0,0.1);\" src=\"https:\/\/platformsan.com.tr\/wp-content\/uploads\/2019\/06\/cephe-2.jpg\" alt=\"Cephe platformu kiralama\" width=\"1200\" height=\"900\" \/><p class=\"wp-caption-text\">Cephe platformu kiralama<\/p><\/div>\n<\/div>\n<div style=\"flex: 1; min-width: 300px; background-color: #fcfcfc; padding: 20px; border-radius: 8px; border-left: 4px solid #333;\">\n<p><strong>G\u00fcvenlik Standartlar\u0131:<\/strong><\/p>\n<ul style=\"list-style: none; padding-left: 0; line-height: 1.8; font-size: 0.95em;\">\n<li>\u2022 Speed sensitive parachute braking system<\/li>\n<li>\u2022 Electromagnetic brake system<\/li>\n<li>\u2022 Emergency stop button<\/li>\n<li>\u2022 Platform lower and upper limit stop system<\/li>\n<li>\u2022 Stop system at the final height thanks to the final mastic<\/li>\n<li>\u2022 Audible warning system during up and down movement<\/li>\n<li>\u2022 System to stop working when the door is open<\/li>\n<li>\u2022 Warning system for telescopic extensions<\/li>\n<li>\u2022 Engine fault warning system<\/li>\n<li>\u2022 Phase failure warning system<\/li>\n<li>\u2022 Connection system with anchors every 6 meters<\/li>\n<li>\u2022 Railing and border security system<\/li>\n<li>\u2022 Automatic balance system in dual use<\/li>\n<li>\u2022 System for manually lowering the platform in case of emergency<\/li>\n<li>\u2022 Anti-rust system thanks to hot dip galvanization<\/li>\n<li>\u2022 Balance system with moving legs<\/li>\n<li>\u2022 Easy handling system thanks to polyamide wheels<\/li>\n<li>\u2022 Possibility of 220 V socket on the panel<\/li>\n<\/ul>\n<\/div>\n<\/div>\n<div style=\"background-color: #fff; padding: 25px; border: 1px solid #eee; border-radius: 8px; line-height: 1.7; color: #444;\">\n<h2 style=\"color: #333; border-bottom: 2px solid #dd3333; display: inline-block; padding-bottom: 5px;\">Technicial Specifications<\/h2>\n<p style=\"margin-top: 15px;\">Platformsan cephe platformlar\u0131; bina cephe kaplamalar\u0131, mantolama, boya, s\u0131va ve benzeri i\u015flerde, kendi imalat\u0131m\u0131z olan <strong>kremayer di\u015fli<\/strong> \u00fczerinde elektrik motorlar\u0131 ile dikey hareket eden \u00e7al\u0131\u015fma sistemleridir.<\/p>\n<p>Kullan\u0131lacak malzemenin i\u015f\u00e7iyle birlikte ta\u015f\u0131nmas\u0131, h\u0131zl\u0131 kurulum, rahat ve h\u0131zl\u0131 \u00e7al\u0131\u015fma imkan\u0131, i\u015f verimlili\u011fi ve zaman tasarrufu sa\u011flar. Tekli platformlarda maksimum <strong>10 metre<\/strong>, \u00e7iftli platformlarda maksimum <strong>30 metreye<\/strong> kadar a\u00e7\u0131labilen mod\u00fcler sistemlerdir.<\/p>\n<ul style=\"margin: 20px 0;\">\n<li>\u00c7al\u0131\u015fma y\u00fcksekli\u011fi <strong>150 metreye<\/strong> kadar \u00e7\u0131kabilmektedir.<\/li>\n<li>\u00c7iftli platformlar, iki ayr\u0131 tekli platform olarak da \u00e7al\u0131\u015fma imkan\u0131 sunar.<\/li>\n<li>G\u00fcvenlik i\u00e7in kullan\u0131lan <strong>para\u015f\u00fct fren sistemi<\/strong>, t\u00fcm motorlar\u0131n devre d\u0131\u015f\u0131 kalmas\u0131 durumunda platformu mekanik olarak durdurur.<\/li>\n<li>Mastlar (kolonlar) ve \u00fcnite \u015fasesi <strong>s\u0131cak dald\u0131rma galvanizli<\/strong> olup paslanmaya kar\u015f\u0131 y\u00fcksek dayan\u0131kl\u0131l\u0131k g\u00f6sterir.<\/li>\n<li>Mast\u0131 17 noktadan kavrayarak sal\u0131n\u0131m\u0131 minimuma indirir ve makine \u00f6mr\u00fcn\u00fc uzat\u0131r.<\/li>\n<\/ul>\n<p style=\"background-color: #fffde7; padding: 15px; border-left: 5px solid #fbc02d; font-style: italic;\">C2500 ve C3000 olmak \u00fczere iki \u00e7e\u015fit cephe platform modelimiz bulunmaktad\u0131r. T\u00fcm imalat taraf\u0131m\u0131zdan ger\u00e7ekle\u015ftirilmekte olup, pano \u015falt malzemelerinde Schneider marka tercih edilmektedir.<\/p>\n<p style=\"font-weight: bold; margin-top: 20px;\">Uyumlu Standartlar: <span style=\"color: #dd3333;\">CE Belgesi, 2006\/42\/AT, 2006\/95\/AT, TS EN 1495 + A2, TS EN 60204-1, TS EN 12100.<\/span><\/p>\n<\/div>\n<div style=\"margin-top: 50px; padding: 30px; background-color: #333; color: #fff; border-radius: 8px;\">\n<h3 style=\"color: #fbc02d; margin-top: 0;\">GET OFFER<\/h3>\n<p>Projenizle ilgili detayl\u0131 fiyat ve teknik bilgi almak i\u00e7in a\u015fa\u011f\u0131daki formu doldurabilirsiniz.<\/p>\n\n<div class=\"wpcf7 no-js\" id=\"wpcf7-f572-o1\" lang=\"tr-TR\" dir=\"ltr\" data-wpcf7-id=\"572\">\n<div class=\"screen-reader-response\"><p role=\"status\" aria-live=\"polite\" aria-atomic=\"true\"><\/p> <ul><\/ul><\/div>\n<form action=\"\/en\/wp-json\/wp\/v2\/pages\/578#wpcf7-f572-o1\" method=\"post\" class=\"wpcf7-form init\" aria-label=\"\u0130leti\u015fim Formu\" enctype=\"multipart\/form-data\" novalidate=\"novalidate\" data-status=\"init\" data-trp-original-action=\"\/en\/wp-json\/wp\/v2\/pages\/578#wpcf7-f572-o1\">\n<fieldset class=\"hidden-fields-container\"><input type=\"hidden\" name=\"_wpcf7\" value=\"572\" \/><input type=\"hidden\" name=\"_wpcf7_version\" value=\"6.1.5\" \/><input type=\"hidden\" name=\"_wpcf7_locale\" value=\"tr_TR\" \/><input type=\"hidden\" name=\"_wpcf7_unit_tag\" value=\"wpcf7-f572-o1\" \/><input type=\"hidden\" name=\"_wpcf7_container_post\" value=\"0\" \/><input type=\"hidden\" name=\"_wpcf7_posted_data_hash\" value=\"\" \/>\n<\/fieldset>\n<div class=\"row\">\n\t<div class=\"form-group col-sm-6 col-lg-4\">\n\t\t<p><span class=\"wpcf7-form-control-wrap\" data-name=\"email-264\"><input size=\"40\" maxlength=\"400\" class=\"wpcf7-form-control wpcf7-email wpcf7-validates-as-required wpcf7-text wpcf7-validates-as-email input-gray\" aria-required=\"true\" aria-invalid=\"false\" placeholder=\"E-Mail*\" value=\"\" type=\"email\" name=\"email-264\" \/><\/span>\n\t\t<\/p>\n\t<\/div>\n\t<div class=\"form-group col-sm-6 col-lg-4\">\n\t\t<p><span class=\"wpcf7-form-control-wrap\" data-name=\"text-527\"><input size=\"40\" maxlength=\"400\" class=\"wpcf7-form-control wpcf7-text wpcf7-validates-as-required input-gray\" aria-required=\"true\" aria-invalid=\"false\" placeholder=\"Name Surname*\" value=\"\" type=\"text\" name=\"text-527\" \/><\/span>\n\t\t<\/p>\n\t<\/div>\n\t<div class=\"form-group col-sm-6 col-lg-4\">\n\t\t<p><span class=\"wpcf7-form-control-wrap\" data-name=\"text-368\"><input size=\"40\" maxlength=\"400\" class=\"wpcf7-form-control wpcf7-text input-gray\" aria-invalid=\"false\" placeholder=\"Company Name\" value=\"\" type=\"text\" name=\"text-368\" \/><\/span>\n\t\t<\/p>\n\t<\/div>\n\t<div class=\"form-group col-sm-6 col-lg-4\">\n\t\t<p><span class=\"wpcf7-form-control-wrap\" data-name=\"tel-348\"><input size=\"40\" maxlength=\"400\" class=\"wpcf7-form-control wpcf7-tel wpcf7-validates-as-required wpcf7-text wpcf7-validates-as-tel input-gray\" aria-required=\"true\" aria-invalid=\"false\" placeholder=\"Phone Number\" value=\"\" type=\"tel\" name=\"tel-348\" \/><\/span>\n\t\t<\/p>\n\t<\/div>\n\t<div class=\"form-group col-sm-12\">\n\t\t<p><span class=\"wpcf7-form-control-wrap\" data-name=\"textarea-721\"><textarea cols=\"40\" rows=\"10\" maxlength=\"2000\" class=\"wpcf7-form-control wpcf7-textarea wpcf7-validates-as-required input-gray\" aria-required=\"true\" aria-invalid=\"false\" placeholder=\"Your message*\" name=\"textarea-721\"><\/textarea><\/span>\n\t\t<\/p>\n\t<\/div>\n\t<p>Fields marked with * are required.<br \/>\n<span class=\"wpcf7-form-control-wrap\" data-name=\"file-393\"><input size=\"40\" class=\"wpcf7-form-control wpcf7-file\" accept=\"audio\/*,video\/*,image\/*\" aria-invalid=\"false\" type=\"file\" name=\"file-393\" \/><\/span>\n\t<\/p>\n\t<div class=\"col-sm-12\">\n\t\t<p><input class=\"wpcf7-form-control wpcf7-submit has-spinner btn-upper btn-yellow btn\" type=\"submit\" value=\"Send\" \/>\n\t\t<\/p>\n\t<\/div>\n<\/div><div class=\"wpcf7-response-output\" aria-hidden=\"true\"><\/div>\n<input type=\"hidden\" name=\"trp-form-language\" value=\"en\"\/><\/form>\n<\/div>\n\n<\/div>","protected":false},"excerpt":{"rendered":"<p>Cephe Platformu Kiralama G\u00fcvenlik Standartlar\u0131: \u2022 H\u0131za kar\u015f\u0131 duyarl\u0131 para\u015f\u00fct fren sistemi \u2022 Elektromanyetik fren sistemi \u2022 Acil stop butonu \u2022 Platform alt ve \u00fcst&#8230;<\/p>","protected":false},"author":2,"featured_media":0,"parent":0,"menu_order":0,"comment_status":"closed","ping_status":"closed","template":"","meta":{"footnotes":""},"class_list":["post-578","page","type-page","status-publish","hentry"],"_links":{"self":[{"href":"https:\/\/platformsan.com.tr\/en\/wp-json\/wp\/v2\/pages\/578","targetHints":{"allow":["GET"]}}],"collection":[{"href":"https:\/\/platformsan.com.tr\/en\/wp-json\/wp\/v2\/pages"}],"about":[{"href":"https:\/\/platformsan.com.tr\/en\/wp-json\/wp\/v2\/types\/page"}],"author":[{"embeddable":true,"href":"https:\/\/platformsan.com.tr\/en\/wp-json\/wp\/v2\/users\/2"}],"replies":[{"embeddable":true,"href":"https:\/\/platformsan.com.tr\/en\/wp-json\/wp\/v2\/comments?post=578"}],"version-history":[{"count":6,"href":"https:\/\/platformsan.com.tr\/en\/wp-json\/wp\/v2\/pages\/578\/revisions"}],"predecessor-version":[{"id":2285,"href":"https:\/\/platformsan.com.tr\/en\/wp-json\/wp\/v2\/pages\/578\/revisions\/2285"}],"wp:attachment":[{"href":"https:\/\/platformsan.com.tr\/en\/wp-json\/wp\/v2\/media?parent=578"}],"curies":[{"name":"wp","href":"https:\/\/api.w.org\/{rel}","templated":true}]}}