{"id":492,"date":"2019-04-14T13:23:40","date_gmt":"2019-04-14T10:23:40","guid":{"rendered":"http:\/\/platformsan.parlakfikirleratolyesi.com\/?page_id=492"},"modified":"2026-03-10T21:37:17","modified_gmt":"2026-03-10T18:37:17","slug":"bmu-monoray-3","status":"publish","type":"page","link":"https:\/\/platformsan.com.tr\/en\/bmu-monoray-3\/","title":{"rendered":"BMU &amp; MONORAIL"},"content":{"rendered":"<div style=\"font-family: 'Segoe UI', Roboto, Arial, sans-serif; color: #444; line-height: 1.6; max-width: 1200px; margin: 0 auto; padding: 20px; background-color: #fff;\">\n<div style=\"text-align: center; margin-bottom: 50px; padding: 40px 20px; background: linear-gradient(135deg, #f8f9fa 0%, #e9ecef 100%); border-radius: 15px; border-bottom: 5px solid #dd3333;\">\n<h1 style=\"color: #222; font-size: 32px; font-weight: 800; text-transform: uppercase; margin: 0; letter-spacing: 1px;\">BMU &amp; MONORAY S\u0130STEMLER\u0130<\/h1>\n<p style=\"color: #dd3333; font-size: 18px; font-weight: 600; margin-top: 10px; text-transform: uppercase;\">Kal\u0131c\u0131 Eri\u015fim ve Bina Bak\u0131m Birimleri<\/p>\n<\/div>\n<div style=\"max-width: 900px; margin: 0 auto 50px auto; text-align: center;\">\n<p style=\"font-size: 16px; margin-bottom: 15px;\"><strong>Skyclimber<\/strong>, d\u00fcnya standartlar\u0131nda Y\u00fcksek Kaliteli Kal\u0131c\u0131 Eri\u015fim Platformlar\u0131 ve <strong>Bina Bak\u0131m Birimleri (BMU)<\/strong> \u00fcretmektedir.<\/p>\n<p style=\"font-size: 16px;\">Sekt\u00f6rdeki 50 y\u0131l\u0131 a\u015fk\u0131n deneyimimiz ve piyasadaki en g\u00fcvenilir kald\u0131rma motorlar\u0131m\u0131zla, her t\u00fcrl\u00fc mimari yap\u0131 i\u00e7in kal\u0131c\u0131 \u00e7\u00f6z\u00fcmler sunuyoruz. Ekipman sat\u0131\u015f\u0131, kurulum ve bak\u0131m s\u00f6zle\u015fmelerini kapsayan tam hizmet yelpazemizle yan\u0131n\u0131zday\u0131z.<\/p>\n<\/div>\n<h3 style=\"text-align: center; color: #333; text-transform: uppercase; margin-bottom: 35px; font-weight: 800; font-size: 22px;\">MODEL SE\u00c7ENEKLER\u0130<\/h3>\n<div style=\"display: flex; flex-wrap: wrap; gap: 20px; justify-content: center;\">\n<p>&nbsp;<\/p>\n<div style=\"height: 200px; display: flex; align-items: center; justify-content: center; background: #fff; padding: 15px;\"><img decoding=\"async\" style=\"max-width: 100%; max-height: 100%; object-fit: contain;\" src=\"https:\/\/platformsan.com.tr\/wp-content\/uploads\/2019\/04\/SCS1-ANA.jpg\" alt=\"SCS1\" \/><\/div>\n<div style=\"background: #dd3333; color: #fff; padding: 10px; text-align: center; font-weight: bold; font-size: 14px;\">SCS1<\/div>\n<div style=\"padding: 12px; text-align: center; font-size: 12px; color: #666; font-weight: bold;\">\u0130NCELE \u2192<\/div>\n<p>&nbsp;<\/p>\n<p>&nbsp;<\/p>\n<div style=\"height: 200px; display: flex; align-items: center; justify-content: center; background: #fff; padding: 15px;\"><img decoding=\"async\" style=\"max-width: 100%; max-height: 100%; object-fit: contain;\" src=\"https:\/\/platformsan.com.tr\/wp-content\/uploads\/2019\/04\/SCS2-ANA.jpg\" alt=\"SCS2\" \/><\/div>\n<div style=\"background: #dd3333; color: #fff; padding: 10px; text-align: center; font-weight: bold; font-size: 14px;\">SCS2<\/div>\n<div style=\"padding: 12px; text-align: center; font-size: 12px; color: #666; font-weight: bold;\">\u0130NCELE \u2192<\/div>\n<p>&nbsp;<\/p>\n<p>&nbsp;<\/p>\n<div style=\"height: 200px; display: flex; align-items: center; justify-content: center; background: #fff; padding: 15px;\"><img decoding=\"async\" style=\"max-width: 100%; max-height: 100%; object-fit: contain;\" src=\"https:\/\/platformsan.com.tr\/wp-content\/uploads\/2019\/04\/SCST-ANA.jpg\" alt=\"SCST\" \/><\/div>\n<div style=\"background: #dd3333; color: #fff; padding: 10px; text-align: center; font-weight: bold; font-size: 14px;\">SCST<\/div>\n<div style=\"padding: 12px; text-align: center; font-size: 12px; color: #666; font-weight: bold;\">\u0130NCELE \u2192<\/div>\n<p>&nbsp;<\/p>\n<p>&nbsp;<\/p>\n<div style=\"height: 200px; display: flex; align-items: center; justify-content: center; background: #fff; padding: 15px;\"><img decoding=\"async\" style=\"max-width: 100%; max-height: 100%; object-fit: contain;\" src=\"https:\/\/platformsan.com.tr\/wp-content\/uploads\/2019\/04\/SCSMC-ANA.jpg\" alt=\"SCSMC\" \/><\/div>\n<div style=\"background: #dd3333; color: #fff; padding: 10px; text-align: center; font-weight: bold; font-size: 14px;\">SCSMC<\/div>\n<div style=\"padding: 12px; text-align: center; font-size: 12px; color: #666; font-weight: bold;\">\u0130NCELE \u2192<\/div>\n<p>&nbsp;<\/p>\n<p>&nbsp;<\/p>\n<div style=\"height: 200px; display: flex; align-items: center; justify-content: center; background: #fff; padding: 15px;\"><img decoding=\"async\" style=\"max-width: 100%; max-height: 100%; object-fit: contain;\" src=\"https:\/\/platformsan.com.tr\/wp-content\/uploads\/2019\/04\/SCSG-ANA.jpg\" alt=\"SCSG\" \/><\/div>\n<div style=\"background: #dd3333; color: #fff; padding: 10px; text-align: center; font-weight: bold; font-size: 14px;\">SCSG<\/div>\n<div style=\"padding: 12px; text-align: center; font-size: 12px; color: #666; font-weight: bold;\">\u0130NCELE \u2192<\/div>\n<p>&nbsp;<\/p>\n<p>&nbsp;<\/p>\n<div style=\"height: 200px; display: flex; align-items: center; justify-content: center; background: #fff; padding: 15px;\"><img decoding=\"async\" style=\"max-width: 100%; max-height: 100%; object-fit: contain;\" src=\"https:\/\/platformsan.com.tr\/wp-content\/uploads\/2019\/04\/SCSD-ANA.jpg\" alt=\"SCSD\" \/><\/div>\n<div style=\"background: #dd3333; color: #fff; padding: 10px; text-align: center; font-weight: bold; font-size: 14px;\">SCSD<\/div>\n<div style=\"padding: 12px; text-align: center; font-size: 12px; color: #666; font-weight: bold;\">\u0130NCELE \u2192<\/div>\n<p>&nbsp;<\/p>\n<p>&nbsp;<\/p>\n<div style=\"height: 200px; display: flex; align-items: center; justify-content: center; background: #fff; padding: 15px;\"><img decoding=\"async\" style=\"max-width: 100%; max-height: 100%; object-fit: contain;\" src=\"https:\/\/platformsan.com.tr\/wp-content\/uploads\/2019\/04\/SCSL-ANA.jpg\" alt=\"SCSL\" \/><\/div>\n<div style=\"background: #dd3333; color: #fff; padding: 10px; text-align: center; font-weight: bold; font-size: 14px;\">SCSL<\/div>\n<div style=\"padding: 12px; text-align: center; font-size: 12px; color: #666; font-weight: bold;\">\u0130NCELE \u2192<\/div>\n<p>&nbsp;<\/p>\n<\/div>\n<div style=\"margin-top: 60px; text-align: center; border-top: 1px solid #eee; padding-top: 30px;\">\n<p style=\"font-size: 14px; color: #888; font-style: italic;\">Projeleriniz i\u00e7in en uygun BMU veya Monoray \u00e7\u00f6z\u00fcm\u00fc i\u00e7in bizimle ileti\u015fime ge\u00e7ebilirsiniz.<\/p>\n<\/div>\n<\/div>","protected":false},"excerpt":{"rendered":"<p>BMU &amp; MONORAY S\u0130STEMLER\u0130 Kal\u0131c\u0131 Eri\u015fim ve Bina Bak\u0131m Birimleri Skyclimber, d\u00fcnya standartlar\u0131nda Y\u00fcksek Kaliteli Kal\u0131c\u0131 Eri\u015fim Platformlar\u0131 ve Bina Bak\u0131m Birimleri (BMU) \u00fcretmektedir. Sekt\u00f6rdeki&#8230;<\/p>","protected":false},"author":2,"featured_media":0,"parent":0,"menu_order":0,"comment_status":"closed","ping_status":"closed","template":"","meta":{"footnotes":""},"class_list":["post-492","page","type-page","status-publish","hentry"],"_links":{"self":[{"href":"https:\/\/platformsan.com.tr\/en\/wp-json\/wp\/v2\/pages\/492","targetHints":{"allow":["GET"]}}],"collection":[{"href":"https:\/\/platformsan.com.tr\/en\/wp-json\/wp\/v2\/pages"}],"about":[{"href":"https:\/\/platformsan.com.tr\/en\/wp-json\/wp\/v2\/types\/page"}],"author":[{"embeddable":true,"href":"https:\/\/platformsan.com.tr\/en\/wp-json\/wp\/v2\/users\/2"}],"replies":[{"embeddable":true,"href":"https:\/\/platformsan.com.tr\/en\/wp-json\/wp\/v2\/comments?post=492"}],"version-history":[{"count":4,"href":"https:\/\/platformsan.com.tr\/en\/wp-json\/wp\/v2\/pages\/492\/revisions"}],"predecessor-version":[{"id":2279,"href":"https:\/\/platformsan.com.tr\/en\/wp-json\/wp\/v2\/pages\/492\/revisions\/2279"}],"wp:attachment":[{"href":"https:\/\/platformsan.com.tr\/en\/wp-json\/wp\/v2\/media?parent=492"}],"curies":[{"name":"wp","href":"https:\/\/api.w.org\/{rel}","templated":true}]}}