{"id":353,"date":"2019-03-25T21:03:33","date_gmt":"2019-03-25T19:03:33","guid":{"rendered":"http:\/\/platformsan.parlakfikirleratolyesi.com\/?page_id=353"},"modified":"2026-03-14T15:06:28","modified_gmt":"2026-03-14T12:06:28","slug":"iletisim","status":"publish","type":"page","link":"https:\/\/platformsan.com.tr\/en\/iletisim\/","title":{"rendered":"CONTACT"},"content":{"rendered":"<div style=\"font-family: 'Segoe UI', Roboto, Arial, sans-serif; color: #333; max-width: 1200px; margin: 0 auto; background-color: #fff; padding-bottom: 80px;\">\n<div style=\"padding: 60px 20px; text-align: center; background-color: #f4f4f4; border-bottom: 5px solid #dd3333; margin-bottom: 50px; border-radius: 0 0 20px 20px;\">\n<h1 style=\"font-size: 36px; color: #333; font-weight: 800; text-transform: uppercase; margin: 0 0 10px 0;\">Bize Ula\u015f\u0131n<\/h1>\n<div style=\"width: 60px; height: 3px; background-color: #dd3333; margin: 20px auto;\"><\/div>\n<p style=\"font-size: 18px; color: #666; font-weight: 500;\">Size yard\u0131mc\u0131 olmaktan memnuniyet duyar\u0131z.<\/p>\n<\/div>\n<div style=\"display: flex !important; flex-wrap: wrap !important; gap: 40px !important; padding: 0 20px !important; margin-bottom: 60px;\">\n<div style=\"flex: 1 1 400px; background: #333; padding: 40px; border-radius: 15px; color: #fff; box-shadow: 0 15px 30px rgba(0,0,0,0.1);\">\n<h2 style=\"color: #dd3333; font-size: 24px; font-weight: bold; margin-top: 0; margin-bottom: 30px; text-transform: uppercase;\">\u0130leti\u015fim Bilgileri<\/h2>\n<div style=\"margin-bottom: 25px; border-bottom: 1px solid #444; padding-bottom: 15px;\"><span style=\"display: block; color: #dd3333; font-weight: 800; font-size: 13px; text-transform: uppercase; margin-bottom: 5px;\">Email<\/span><br \/>\n<a style=\"color: #fff; text-decoration: none; font-size: 17px;\" href=\"mailto:info@platformsan.com\">info@platformsan.com<\/a><\/div>\n<div style=\"margin-bottom: 25px; border-bottom: 1px solid #444; padding-bottom: 15px;\"><span style=\"display: block; color: #dd3333; font-weight: 800; font-size: 13px; text-transform: uppercase; margin-bottom: 5px;\">Telefon &amp; Fax<\/span><br \/>\n<span style=\"display: block; font-size: 17px; margin-bottom: 5px;\">TEL: +90 212 576 5773 (PBX)<\/span><br \/>\n<span style=\"display: block; font-size: 17px;\">FAX: +90 212 565 3704<\/span><\/div>\n<div style=\"margin-bottom: 10px;\"><span style=\"display: block; color: #dd3333; font-weight: 800; font-size: 13px; text-transform: uppercase; margin-bottom: 5px;\">\u0130stanbul Ofis<\/span><\/p>\n<p style=\"font-size: 17px; line-height: 1.6; margin: 0;\">Keresteciler Sitesi, \u00c7ayc\u0131lar Sk. No:48<br \/>\nEy\u00fcp \u2013 \u0130stanbul \u2013 T\u00fcrkiye<\/p>\n<\/div>\n<\/div>\n<div style=\"flex: 1 1 500px; border-radius: 15px; overflow: hidden; box-shadow: 0 15px 30px rgba(0,0,0,0.1); border: 1px solid #eee; height: 450px;\"><iframe loading=\"lazy\" style=\"border: 0;\" src=\"https:\/\/www.google.com\/maps\/embed?pb=!1m18!1m12!1m3!1d3008.384664871036!2d28.918231!3d41.042735!2m3!1f0!2f0!3f0!3m2!1i1024!2i768!4f13.1!3m3!1m2!1s0x0%3A0x0!2zNDHCsDAyJzMzLjkiTiAyOMKwNTUnMDUuNiJF!5e0!3m2!1str!2str!4v1568294435678\" width=\"100%\" height=\"100%\" frameborder=\"0\" allowfullscreen=\"allowfullscreen\"><\/iframe><\/div>\n<\/div>\n<div style=\"padding: 0 20px;\">\n<div style=\"background: #f9f9f9; padding: 50px; border-radius: 20px; border: 1px solid #eee;\">\n<h3 style=\"text-align: center; color: #333; font-size: 26px; font-weight: 800; margin-bottom: 40px; text-transform: uppercase;\">Talep Formu<\/h3>\n<div style=\"max-width: 800px; margin: 0 auto; color: #444;\">\n<p style=\"text-align: center; margin-bottom: 20px; font-size: 15px;\">A\u015fa\u011f\u0131daki formu doldurarak uzman ekiplerimize ula\u015fabilirsiniz. <strong>*<\/strong> \u0130\u015faretli alanlar zorunludur.<\/p>\n<style>\n                    .wpcf7-form input[type=\"text\"], .wpcf7-form input[type=\"email\"], .wpcf7-form input[type=\"tel\"], .wpcf7-form textarea {<br \/>\n                        width: 100% !important; padding: 15px !important; margin-bottom: 15px !important; border: 1px solid #ddd !important; border-radius: 5px !important;<br \/>\n                    }<br \/>\n                    .wpcf7-form input[type=\"submit\"] {<br \/>\n                        background: #dd3333 !important; color: #fff !important; padding: 15px 40px !important; border: none !important; border-radius: 5px !important; font-weight: bold !important; cursor: pointer !important; width: 100% !important; text-transform: uppercase !important;<br \/>\n                    }<br \/>\n                    .wpcf7-form input[type=\"file\"] { margin-bottom: 20px; }<br \/>\n                <\/style>\n\n<div class=\"wpcf7 no-js\" id=\"wpcf7-f572-o1\" lang=\"tr-TR\" dir=\"ltr\" data-wpcf7-id=\"572\">\n<div class=\"screen-reader-response\"><p role=\"status\" aria-live=\"polite\" aria-atomic=\"true\"><\/p> <ul><\/ul><\/div>\n<form action=\"\/en\/wp-json\/wp\/v2\/pages\/353#wpcf7-f572-o1\" method=\"post\" class=\"wpcf7-form init\" aria-label=\"\u0130leti\u015fim Formu\" enctype=\"multipart\/form-data\" novalidate=\"novalidate\" data-status=\"init\">\n<fieldset class=\"hidden-fields-container\"><input type=\"hidden\" name=\"_wpcf7\" value=\"572\" \/><input type=\"hidden\" name=\"_wpcf7_version\" value=\"6.1.5\" \/><input type=\"hidden\" name=\"_wpcf7_locale\" value=\"tr_TR\" \/><input type=\"hidden\" name=\"_wpcf7_unit_tag\" value=\"wpcf7-f572-o1\" \/><input type=\"hidden\" name=\"_wpcf7_container_post\" value=\"0\" \/><input type=\"hidden\" name=\"_wpcf7_posted_data_hash\" value=\"\" \/>\n<\/fieldset>\n<div class=\"row\">\n\t<div class=\"form-group col-sm-6 col-lg-4\">\n\t\t<p><span class=\"wpcf7-form-control-wrap\" data-name=\"email-264\"><input size=\"40\" maxlength=\"400\" class=\"wpcf7-form-control wpcf7-email wpcf7-validates-as-required wpcf7-text wpcf7-validates-as-email input-gray\" aria-required=\"true\" aria-invalid=\"false\" placeholder=\"E-Mail*\" value=\"\" type=\"email\" name=\"email-264\" \/><\/span>\n\t\t<\/p>\n\t<\/div>\n\t<div class=\"form-group col-sm-6 col-lg-4\">\n\t\t<p><span class=\"wpcf7-form-control-wrap\" data-name=\"text-527\"><input size=\"40\" maxlength=\"400\" class=\"wpcf7-form-control wpcf7-text wpcf7-validates-as-required input-gray\" aria-required=\"true\" aria-invalid=\"false\" placeholder=\"\u0130sim Soyisim*\" value=\"\" type=\"text\" name=\"text-527\" \/><\/span>\n\t\t<\/p>\n\t<\/div>\n\t<div class=\"form-group col-sm-6 col-lg-4\">\n\t\t<p><span class=\"wpcf7-form-control-wrap\" data-name=\"text-368\"><input size=\"40\" maxlength=\"400\" class=\"wpcf7-form-control wpcf7-text input-gray\" aria-invalid=\"false\" placeholder=\"Firma Ad\u0131\" value=\"\" type=\"text\" name=\"text-368\" \/><\/span>\n\t\t<\/p>\n\t<\/div>\n\t<div class=\"form-group col-sm-6 col-lg-4\">\n\t\t<p><span class=\"wpcf7-form-control-wrap\" data-name=\"tel-348\"><input size=\"40\" maxlength=\"400\" class=\"wpcf7-form-control wpcf7-tel wpcf7-validates-as-required wpcf7-text wpcf7-validates-as-tel input-gray\" aria-required=\"true\" aria-invalid=\"false\" placeholder=\"Telefon numaras\u0131*\" value=\"\" type=\"tel\" name=\"tel-348\" \/><\/span>\n\t\t<\/p>\n\t<\/div>\n\t<div class=\"form-group col-sm-12\">\n\t\t<p><span class=\"wpcf7-form-control-wrap\" data-name=\"textarea-721\"><textarea cols=\"40\" rows=\"10\" maxlength=\"2000\" class=\"wpcf7-form-control wpcf7-textarea wpcf7-validates-as-required input-gray\" aria-required=\"true\" aria-invalid=\"false\" placeholder=\"Mesaj\u0131n\u0131z*\" name=\"textarea-721\"><\/textarea><\/span>\n\t\t<\/p>\n\t<\/div>\n\t<p>* ile i\u015faretlenen alanlar\u0131n doldurulmas\u0131 zorunludur.<br \/>\n<span class=\"wpcf7-form-control-wrap\" data-name=\"file-393\"><input size=\"40\" class=\"wpcf7-form-control wpcf7-file\" accept=\"audio\/*,video\/*,image\/*\" aria-invalid=\"false\" type=\"file\" name=\"file-393\" \/><\/span>\n\t<\/p>\n\t<div class=\"col-sm-12\">\n\t\t<p><input class=\"wpcf7-form-control wpcf7-submit has-spinner btn-upper btn-yellow btn\" type=\"submit\" value=\"G\u00f6nder\" \/>\n\t\t<\/p>\n\t<\/div>\n<\/div><div class=\"wpcf7-response-output\" aria-hidden=\"true\"><\/div>\n<\/form>\n<\/div>\n\n<\/div>\n<\/div>\n<\/div>\n<\/div>\n","protected":false},"excerpt":{"rendered":"<p>Bize Ula\u015f\u0131n Size yard\u0131mc\u0131 olmaktan memnuniyet duyar\u0131z. \u0130leti\u015fim Bilgileri Email info@platformsan.com Telefon &amp; Fax TEL: +90 212 576 5773 (PBX) FAX: +90 212 565 3704&#8230;<\/p>","protected":false},"author":2,"featured_media":0,"parent":0,"menu_order":0,"comment_status":"closed","ping_status":"closed","template":"","meta":{"footnotes":""},"class_list":["post-353","page","type-page","status-publish","hentry"],"_links":{"self":[{"href":"https:\/\/platformsan.com.tr\/en\/wp-json\/wp\/v2\/pages\/353","targetHints":{"allow":["GET"]}}],"collection":[{"href":"https:\/\/platformsan.com.tr\/en\/wp-json\/wp\/v2\/pages"}],"about":[{"href":"https:\/\/platformsan.com.tr\/en\/wp-json\/wp\/v2\/types\/page"}],"author":[{"embeddable":true,"href":"https:\/\/platformsan.com.tr\/en\/wp-json\/wp\/v2\/users\/2"}],"replies":[{"embeddable":true,"href":"https:\/\/platformsan.com.tr\/en\/wp-json\/wp\/v2\/comments?post=353"}],"version-history":[{"count":10,"href":"https:\/\/platformsan.com.tr\/en\/wp-json\/wp\/v2\/pages\/353\/revisions"}],"predecessor-version":[{"id":2351,"href":"https:\/\/platformsan.com.tr\/en\/wp-json\/wp\/v2\/pages\/353\/revisions\/2351"}],"wp:attachment":[{"href":"https:\/\/platformsan.com.tr\/en\/wp-json\/wp\/v2\/media?parent=353"}],"curies":[{"name":"wp","href":"https:\/\/api.w.org\/{rel}","templated":true}]}}