{"id":2096,"date":"2024-07-18T09:19:59","date_gmt":"2024-07-18T06:19:59","guid":{"rendered":"https:\/\/platformsan.com.tr\/?page_id=2096"},"modified":"2024-07-18T09:21:31","modified_gmt":"2024-07-18T06:21:31","slug":"tesekkurler","status":"publish","type":"page","link":"https:\/\/platformsan.com.tr\/en\/tesekkurler\/","title":{"rendered":"TE\u015eEKK\u00dcRLER"},"content":{"rendered":"<p>[vc_row full_height=&#8221;yes&#8221;][vc_column][vc_column_text]<\/p>\n<p style=\"text-align: center;\">FORMUMUZU DOLDURDU\u011eUNUZ \u0130\u00c7\u0130N TE\u015eEKK\u00dcR EDER\u0130Z. EN KISA S\u00dcREDE \u0130LET\u0130\u015e\u0130ME GE\u00c7ECE\u011e\u0130Z<\/p>\n<p>[\/vc_column_text][\/vc_column][\/vc_row]<\/p>\n","protected":false},"excerpt":{"rendered":"<p>[vc_row full_height=&#8221;yes&#8221;][vc_column][vc_column_text] FORMUMUZU DOLDURDU\u011eUNUZ \u0130\u00c7\u0130N TE\u015eEKK\u00dcR EDER\u0130Z. EN KISA S\u00dcREDE \u0130LET\u0130\u015e\u0130ME GE\u00c7ECE\u011e\u0130Z [\/vc_column_text][\/vc_column][\/vc_row]<\/p>\n","protected":false},"author":2,"featured_media":0,"parent":0,"menu_order":0,"comment_status":"closed","ping_status":"closed","template":"","meta":{"footnotes":""},"class_list":["post-2096","page","type-page","status-publish","hentry"],"_links":{"self":[{"href":"https:\/\/platformsan.com.tr\/en\/wp-json\/wp\/v2\/pages\/2096","targetHints":{"allow":["GET"]}}],"collection":[{"href":"https:\/\/platformsan.com.tr\/en\/wp-json\/wp\/v2\/pages"}],"about":[{"href":"https:\/\/platformsan.com.tr\/en\/wp-json\/wp\/v2\/types\/page"}],"author":[{"embeddable":true,"href":"https:\/\/platformsan.com.tr\/en\/wp-json\/wp\/v2\/users\/2"}],"replies":[{"embeddable":true,"href":"https:\/\/platformsan.com.tr\/en\/wp-json\/wp\/v2\/comments?post=2096"}],"version-history":[{"count":2,"href":"https:\/\/platformsan.com.tr\/en\/wp-json\/wp\/v2\/pages\/2096\/revisions"}],"predecessor-version":[{"id":2098,"href":"https:\/\/platformsan.com.tr\/en\/wp-json\/wp\/v2\/pages\/2096\/revisions\/2098"}],"wp:attachment":[{"href":"https:\/\/platformsan.com.tr\/en\/wp-json\/wp\/v2\/media?parent=2096"}],"curies":[{"name":"wp","href":"https:\/\/api.w.org\/{rel}","templated":true}]}}