{"id":1268,"date":"2019-06-28T18:17:24","date_gmt":"2019-06-28T15:17:24","guid":{"rendered":"http:\/\/platformsan.parlakfikirleratolyesi.com\/?page_id=1268"},"modified":"2026-03-10T21:25:50","modified_gmt":"2026-03-10T18:25:50","slug":"parapet-iskencesi","status":"publish","type":"page","link":"https:\/\/platformsan.com.tr\/en\/aski-aparatlari\/parapet-iskencesi\/","title":{"rendered":"Parapet Clamp"},"content":{"rendered":"<p>[vc_row][vc_column][vc_empty_space height=&#8221;50px&#8221;][\/vc_column][\/vc_row][vc_row][vc_column width=&#8221;1\/4&#8243;][vc_wp_custommenu nav_menu=&#8221;6&#8243;][\/vc_column][vc_column width=&#8221;3\/4&#8243;][vc_row_inner][vc_column_inner width=&#8221;1\/3&#8243;][vc_single_image image=&#8221;836&#8243; img_size=&#8221;full&#8221; style=&#8221;vc_box_outline&#8221; border_color=&#8221;black&#8221; onclick=&#8221;link_image&#8221;][\/vc_column_inner][vc_column_inner width=&#8221;2\/3&#8243;][vc_column_text]<b>SKY CLIMBER\u00ae Sky Sahne Ultra<\/b>\u00a0(yeni kavramlar ile) bilinen en iyi teknolojiyi birle\u015ftiren &#8220;\u00fc\u00e7\u00fcnc\u00fc nesil&#8221; mod\u00fcler bir platformdur.<\/p>\n<p><b>SKY STAGE ULTRA<\/b>\u00a0bir\u00e7ok i\u015f ortam\u0131nda i\u015finizi kolayla\u015ft\u0131r\u0131r. Cephe uygulamalar\u0131, ticari restorasyon, boyama, kumlama, su yal\u0131t\u0131m\u0131, izolasyon &amp; mantolama, cephe temizli\u011fi, genel tefti\u015fler, off-shore petrol kuyular\u0131, gemi sanayi genel bina bak\u0131m\u0131&#8230;<\/p>\n<p><strong>\u00d6zellik ve Kolayl\u0131klar\u0131:<\/strong><\/p>\n<p>&#8211; CE onayl\u0131<br \/>\n&#8211; 1080 kg&#8217;a kadar y\u00fck ta\u015f\u0131ma kapasitesi.<br \/>\n&#8211; Hi\u00e7bir el aletine gerekmeden kolay ve h\u0131zl\u0131 kurulum.<br \/>\n&#8211; Ayarlanabilir korkuluklarla 2 a\u015famada ayarlanabilme rahatl\u0131\u011f\u0131.<br \/>\n&#8211; Moduler tasar\u0131m\u0131yla kolay istiflenebilir, ta\u015f\u0131nabilir ve yeri de\u011fi\u015ftirilebilirdir.<br \/>\n&#8211; \u0130ki Ask\u0131 noktas\u0131 aras\u0131ndaki a\u00e7\u0131kl\u0131k 12m (2 t\u0131rmanma motoru ile).<br \/>\n&#8211; Takviyeli ve ters \u00e7evrilebilir yer panelleriyle sa\u011flamla\u015ft\u0131r\u0131lm\u0131\u015f tasar\u0131m.<br \/>\n&#8211; Zemin kald\u0131rma tutama\u00e7lar\u0131 sayesinde kolay monte-demonte.<br \/>\n&#8211; Zemin birle\u015fim pimleri ile demonte etmesi \u00e7ok kolayd\u0131r.<br \/>\n&#8211; \u00dcst korkuluk kilitleme pimiyle, kazalar\u0131 ve montaj hatalar\u0131n\u0131 en aza indirir.<br \/>\n&#8211; Hafif olmas\u0131ndan ve b\u00fcy\u00fck tekerlekleriyle rahat hareket etme imkan\u0131.<br \/>\n&#8211; Sky Grip i\u00e7in \u00f6zel tasarlanm\u0131\u015f g\u00fc\u00e7l\u00fc motor ta\u015f\u0131y\u0131c\u0131s\u0131.[\/vc_column_text][\/vc_column_inner][\/vc_row_inner][vc_empty_space height=&#8221;50px&#8221;][vc_row_inner][vc_column_inner width=&#8221;1\/3&#8243;][vc_single_image image=&#8221;835&#8243; img_size=&#8221;full&#8221; style=&#8221;vc_box_outline&#8221; border_color=&#8221;black&#8221;][\/vc_column_inner][vc_column_inner width=&#8221;1\/3&#8243;][vc_column_text]<\/p>\n<table style=\"width: 300px;\">\n<tbody>\n<tr>\n<th colspan=\"2\">\u00d6ZELL\u0130KLER<\/th>\n<\/tr>\n<tr>\n<td style=\"width: 65%;\">Platform Uzunlu\u011fu<\/td>\n<td>2, 12m<\/td>\n<\/tr>\n<tr>\n<td>Mod\u00fcl Kombinasyonu<\/td>\n<td>2, 3+3+3+3<\/td>\n<\/tr>\n<tr>\n<td>Motor Say\u0131s\u0131<\/td>\n<td>2<\/td>\n<\/tr>\n<tr>\n<td>\u00d6z A\u011f\u0131rl\u0131k<\/td>\n<td>113, 333 kg<\/td>\n<\/tr>\n<\/tbody>\n<\/table>\n<p>[\/vc_column_text][\/vc_column_inner][vc_column_inner width=&#8221;1\/3&#8243;][vc_column_text]<\/p>\n<table>\n<tbody>\n<tr>\n<th colspan=\"2\">Motorlar ile<\/th>\n<\/tr>\n<tr>\n<td>Kompakt 400 &#8211; \u0130\u015f\u00e7i<\/td>\n<td>5 Ki\u015fi<\/td>\n<\/tr>\n<tr>\n<td>Kompakt 400 &#8211; Azami Y\u00fck<\/td>\n<td>540 kg<\/td>\n<\/tr>\n<tr>\n<td>CX 500 &#8211; Azami \u0130\u015f\u00e7i<\/td>\n<td>6 ki\u015fi<\/td>\n<\/tr>\n<tr>\n<td>CX 500 &#8211; Azami Y\u00fck<\/td>\n<td>700 kg<\/td>\n<\/tr>\n<tr>\n<td>Alpha 500 &#8211; Azami \u0130\u015f\u00e7i<\/td>\n<td>6 ki\u015fi<\/td>\n<\/tr>\n<tr>\n<td>Alpha 500 &#8211; Azami Y\u00fck<\/td>\n<td>700 kg<\/td>\n<\/tr>\n<tr>\n<td>Alpha 800 &#8211; Azami \u0130\u015f\u00e7i<\/td>\n<td>10 ki\u015fi<\/td>\n<\/tr>\n<tr>\n<td>Alpha 800 &#8211; Azami Y\u00fck<\/td>\n<td>1080 kg<\/td>\n<\/tr>\n<tr>\n<td>LNX &#8211; Azami \u0130\u015f\u00e7i<\/td>\n<td>8 ki\u015fi<\/td>\n<\/tr>\n<tr>\n<td>LNX &#8211; Azami Y\u00fck<\/td>\n<td>960 kg<\/td>\n<\/tr>\n<\/tbody>\n<\/table>\n<p>[\/vc_column_text][\/vc_column_inner][\/vc_row_inner][\/vc_column][\/vc_row][vc_row][vc_column][vc_empty_space height=&#8221;50px&#8221;][\/vc_column][\/vc_row]<\/p>\n","protected":false},"excerpt":{"rendered":"<p>[vc_row][vc_column][vc_empty_space height=&#8221;50px&#8221;][\/vc_column][\/vc_row][vc_row][vc_column width=&#8221;1\/4&#8243;][vc_wp_custommenu nav_menu=&#8221;6&#8243;][\/vc_column][vc_column width=&#8221;3\/4&#8243;][vc_row_inner][vc_column_inner width=&#8221;1\/3&#8243;][vc_single_image image=&#8221;836&#8243; img_size=&#8221;full&#8221; style=&#8221;vc_box_outline&#8221; border_color=&#8221;black&#8221; onclick=&#8221;link_image&#8221;][\/vc_column_inner][vc_column_inner width=&#8221;2\/3&#8243;][vc_column_text]SKY CLIMBER\u00ae Sky Sahne Ultra\u00a0(yeni kavramlar ile) bilinen en iyi teknolojiyi birle\u015ftiren &#8220;\u00fc\u00e7\u00fcnc\u00fc nesil&#8221;&#8230;<\/p>\n","protected":false},"author":2,"featured_media":0,"parent":1264,"menu_order":0,"comment_status":"closed","ping_status":"closed","template":"asma-iskele-menulu.php","meta":{"footnotes":""},"class_list":["post-1268","page","type-page","status-publish","hentry"],"_links":{"self":[{"href":"https:\/\/platformsan.com.tr\/en\/wp-json\/wp\/v2\/pages\/1268","targetHints":{"allow":["GET"]}}],"collection":[{"href":"https:\/\/platformsan.com.tr\/en\/wp-json\/wp\/v2\/pages"}],"about":[{"href":"https:\/\/platformsan.com.tr\/en\/wp-json\/wp\/v2\/types\/page"}],"author":[{"embeddable":true,"href":"https:\/\/platformsan.com.tr\/en\/wp-json\/wp\/v2\/users\/2"}],"replies":[{"embeddable":true,"href":"https:\/\/platformsan.com.tr\/en\/wp-json\/wp\/v2\/comments?post=1268"}],"version-history":[{"count":1,"href":"https:\/\/platformsan.com.tr\/en\/wp-json\/wp\/v2\/pages\/1268\/revisions"}],"predecessor-version":[{"id":2274,"href":"https:\/\/platformsan.com.tr\/en\/wp-json\/wp\/v2\/pages\/1268\/revisions\/2274"}],"up":[{"embeddable":true,"href":"https:\/\/platformsan.com.tr\/en\/wp-json\/wp\/v2\/pages\/1264"}],"wp:attachment":[{"href":"https:\/\/platformsan.com.tr\/en\/wp-json\/wp\/v2\/media?parent=1268"}],"curies":[{"name":"wp","href":"https:\/\/api.w.org\/{rel}","templated":true}]}}