{"id":1237,"date":"2019-06-28T17:43:18","date_gmt":"2019-06-28T14:43:18","guid":{"rendered":"http:\/\/platformsan.parlakfikirleratolyesi.com\/?page_id=1237"},"modified":"2019-06-28T17:43:18","modified_gmt":"2019-06-28T14:43:18","slug":"asma-iskele-egitimi","status":"publish","type":"page","link":"https:\/\/platformsan.com.tr\/en\/muhendislik-cozumler\/asma-iskele-egitimi\/","title":{"rendered":"ASMA \u0130SKELE E\u011e\u0130T\u0130M\u0130"},"content":{"rendered":"<p>[vc_row full_width=&#8221;stretch_row_content_no_spaces&#8221;][vc_column][vc_single_image image=&#8221;1120&#8243; img_size=&#8221;full&#8221; alignment=&#8221;center&#8221;][\/vc_column][\/vc_row][vc_row][vc_column][vc_empty_space height=&#8221;50px&#8221;][\/vc_column][\/vc_row][vc_row][vc_column][vc_column_text]Platformsan Makine ve Yap\u0131 sistemleri, \u015fantiyenizde size \u00f6zel \u00e7\u00f6z\u00fcmler sunar.<\/p>\n<p>Kendi b\u00fcnyesindeki m\u00fchendislerle, hem de Skyclimber Europe&#8217;un b\u00fcnyesindeki tecr\u00fcbeli makine ve statik m\u00fchendisleriyle, sorunlar\u0131n\u0131z i\u00e7in en uygun \u00e7\u00f6z\u00fcm\u00fc sunuyoruz. Bunun yan\u0131 s\u0131ra ;<\/p>\n<p>&nbsp;<\/p>\n<p>&nbsp;<\/p>\n<p>[\/vc_column_text][\/vc_column][\/vc_row][vc_row][vc_column width=&#8221;1\/2&#8243;][vc_column_text]<strong>&#8211; ASMA \u0130SKELE KULLANMA E\u011e\u0130T\u0130M\u0130<\/strong><\/p>\n<p><strong>&#8211; CEPHE PLATFORMU KULLANMA E\u011e\u0130T\u0130M\u0130<\/strong><\/p>\n<p><strong>&#8211; MER\u0130YOD\u0130K MUAYENE<\/strong><\/p>\n<p><strong>&#8211; D\u0130NAMOMETREYLE Y\u00dcK TEST\u0130<\/strong><\/p>\n<p><strong>&#8211; SAHA KE\u015e\u0130FLER\u0130<\/strong><\/p>\n<p><strong>&#8211; KURULUM &amp; S\u00d6KME<\/strong>[\/vc_column_text][\/vc_column][vc_column width=&#8221;1\/2&#8243;][vc_column_text]<strong><em>Hizmetlerimizden yararlanmak i\u00e7in bizimle ileti\u015fime ge\u00e7ebilirsiniz.<\/em><\/strong><\/p>\n<p>&nbsp;<\/p>\n<h3 style=\"background: black; color: white; padding: 25px; width: 60%;\"><a href=\"..\/iletisim\"><span style=\"color: white;\">Detayl\u0131 bilgi<\/span><\/a><\/h3>\n<p>[\/vc_column_text][\/vc_column][\/vc_row][vc_row][vc_column][vc_empty_space height=&#8221;50px&#8221;][\/vc_column][\/vc_row]<\/p>\n","protected":false},"excerpt":{"rendered":"<p>[vc_row full_width=&#8221;stretch_row_content_no_spaces&#8221;][vc_column][vc_single_image image=&#8221;1120&#8243; img_size=&#8221;full&#8221; alignment=&#8221;center&#8221;][\/vc_column][\/vc_row][vc_row][vc_column][vc_empty_space height=&#8221;50px&#8221;][\/vc_column][\/vc_row][vc_row][vc_column][vc_column_text]Platformsan Makine ve Yap\u0131 sistemleri, \u015fantiyenizde size \u00f6zel \u00e7\u00f6z\u00fcmler sunar. Kendi b\u00fcnyesindeki m\u00fchendislerle, hem de Skyclimber Europe&#8217;un b\u00fcnyesindeki tecr\u00fcbeli makine&#8230;<\/p>\n","protected":false},"author":2,"featured_media":0,"parent":1117,"menu_order":0,"comment_status":"closed","ping_status":"closed","template":"","meta":{"footnotes":""},"class_list":["post-1237","page","type-page","status-publish","hentry"],"_links":{"self":[{"href":"https:\/\/platformsan.com.tr\/en\/wp-json\/wp\/v2\/pages\/1237","targetHints":{"allow":["GET"]}}],"collection":[{"href":"https:\/\/platformsan.com.tr\/en\/wp-json\/wp\/v2\/pages"}],"about":[{"href":"https:\/\/platformsan.com.tr\/en\/wp-json\/wp\/v2\/types\/page"}],"author":[{"embeddable":true,"href":"https:\/\/platformsan.com.tr\/en\/wp-json\/wp\/v2\/users\/2"}],"replies":[{"embeddable":true,"href":"https:\/\/platformsan.com.tr\/en\/wp-json\/wp\/v2\/comments?post=1237"}],"version-history":[{"count":0,"href":"https:\/\/platformsan.com.tr\/en\/wp-json\/wp\/v2\/pages\/1237\/revisions"}],"up":[{"embeddable":true,"href":"https:\/\/platformsan.com.tr\/en\/wp-json\/wp\/v2\/pages\/1117"}],"wp:attachment":[{"href":"https:\/\/platformsan.com.tr\/en\/wp-json\/wp\/v2\/media?parent=1237"}],"curies":[{"name":"wp","href":"https:\/\/api.w.org\/{rel}","templated":true}]}}